{"id":1262,"date":"2021-09-11T19:54:33","date_gmt":"2021-09-11T16:54:33","guid":{"rendered":"https:\/\/www.rolling.fi\/?page_id=1262"},"modified":"2021-11-09T11:08:50","modified_gmt":"2021-11-09T09:08:50","slug":"rolling-40-vuotta-paivikki-vikki-lepisto-savolainen-ja-lasse-savolainen","status":"publish","type":"page","link":"https:\/\/www.rolling.fi\/sv\/rolling-40-vuotta-paivikki-vikki-lepisto-savolainen-ja-lasse-savolainen\/","title":{"rendered":"Rolling 40 v &#8211; P\u00e4ivikki \u201dVikki\u201d Lepist\u00f6-Savolainen ja Lasse Savolainen"},"content":{"rendered":"<h2 class=\"wp-block-heading\"><span class=\"has-inline-color has-vivid-cyan-blue-color\"><strong>P\u00e4ivikki \u201dVikki\u201d Lepist\u00f6-Savolainen ja Lasse Savolainen \u2013 mukana Rollingin perustamistalkoissa<\/strong><\/span><\/h2>\n\n\n\n<div class=\"wp-block-image\"><figure class=\"alignright size-medium is-resized\"><img loading=\"lazy\" decoding=\"async\" src=\"https:\/\/www.rolling.fi\/wp-content\/uploads\/2021\/09\/IMG_20171213_120200_382-300x300.jpg\" alt=\"\" class=\"wp-image-1265\" width=\"216\" height=\"216\" srcset=\"https:\/\/www.rolling.fi\/wp-content\/uploads\/2021\/09\/IMG_20171213_120200_382-300x300.jpg 300w, https:\/\/www.rolling.fi\/wp-content\/uploads\/2021\/09\/IMG_20171213_120200_382-1024x1024.jpg 1024w, https:\/\/www.rolling.fi\/wp-content\/uploads\/2021\/09\/IMG_20171213_120200_382-150x150.jpg 150w, https:\/\/www.rolling.fi\/wp-content\/uploads\/2021\/09\/IMG_20171213_120200_382-768x768.jpg 768w, https:\/\/www.rolling.fi\/wp-content\/uploads\/2021\/09\/IMG_20171213_120200_382-1536x1536.jpg 1536w, https:\/\/www.rolling.fi\/wp-content\/uploads\/2021\/09\/IMG_20171213_120200_382-2048x2048.jpg 2048w, https:\/\/www.rolling.fi\/wp-content\/uploads\/2021\/09\/IMG_20171213_120200_382-12x12.jpg 12w, https:\/\/www.rolling.fi\/wp-content\/uploads\/2021\/09\/IMG_20171213_120200_382-100x100.jpg 100w\" sizes=\"auto, (max-width: 216px) 100vw, 216px\" \/><figcaption>P\u00e4ivikki Lepist\u00f6 ja Lasse Savolainen 1980-luvun alkupuolella<\/figcaption><\/figure><\/div>\n\n\n\n<p>Tanssiurheiluseura Rolling ry:n historiaan perehtyess\u00e4si t\u00f6rm\u00e4\u00e4t pariskuntaan nimelt\u00e4 P\u00e4ivikki \u201dVikki\u201dLepist\u00f6-Savolainen ja Lasse Savolainen. Seuran perusti 26 aktiivista tanssin yst\u00e4v\u00e4\u00e4, joihin Vikki ja Lasse my\u00f6s lukeutuivat. Tuolloin he olivat alle 20-vuotiaita nuoria kilpa-tanssijoita, joista my\u00f6hemmin tuli my\u00f6s aviopari. Sek\u00e4 Vikki ett\u00e4 Lasse olivat seuran aktiivij\u00e4seni\u00e4 perustamisvuodesta aina vuoteen 1995. Seuratoimintaa ajatellen he olivat molemmat monessa mukana \u2013 he olivat kilpatanssipari, Vikki lis\u00e4ksi discotanssija, he toimivat molemmat tanssiohjaajina sek\u00e4 ajoittain my\u00f6s seuran johtokunnan j\u00e4senin\u00e4.<\/p>\n\n\n\n<p>Lasse on osa Suomen kilpatanssihistoriaa siin\u00e4kin mieless\u00e4, ett\u00e4 h\u00e4n on ollut siskonsa Leenan kanssa Suomen ensimm\u00e4isi\u00e4 lapsi-tanssipareja. Lasse ja Leena aloittivat tanssin jo vuonna 1971 Vaasassa. Musiikki ja rytmit veiv\u00e4t Lassen v\u00e4litt\u00f6m\u00e4sti menness\u00e4\u00e4n \u2013 ja sit\u00e4 tiet\u00e4 h\u00e4n jatkoi noin 25 vuotta. Lassen tanssiuran alussa ei lapset viel\u00e4 kilpailleet. Lasse ja Leena esiintyiv\u00e4t tanssien eri tilaisuuksissa. Ensimm\u00e4inen tanssikeikka suuntautui Helsinkiin Hotelli Intercontinentaliin, miss\u00e4 t\u00e4m\u00e4 suurta ihmetyst\u00e4 her\u00e4tt\u00e4v\u00e4 \u201dtanssiva lapsipari\u201d esiintyi kilpatanssin \u201cGrand Old Man\u201d:iksi nimetyn Veikko \u201cVekarias\u201d Niemel\u00e4n 60-vuotissyntym\u00e4p\u00e4iv\u00e4juhlissa vuonna 1973. Hymy-lehti julkaisi t\u00e4st\u00e4 tilaisuudesta Lassen ja Leenan kuvan lehteens\u00e4. \u201dKuvassa luki, ett\u00e4 t\u00e4ss\u00e4 esiintyv\u00e4t 5-6-vuotiaat, mutta todellisuudessa olin 12-vuotias ja sisareni muutaman vuoden nuorempi\u201d, muistelee Lasse.<\/p>\n\n\n\n<figure class=\"wp-block-image size-large\"><img loading=\"lazy\" decoding=\"async\" width=\"1024\" height=\"615\" src=\"https:\/\/www.rolling.fi\/wp-content\/uploads\/2021\/09\/3-1024x615.jpg\" alt=\"\" class=\"wp-image-1270\" srcset=\"https:\/\/www.rolling.fi\/wp-content\/uploads\/2021\/09\/3-1024x615.jpg 1024w, https:\/\/www.rolling.fi\/wp-content\/uploads\/2021\/09\/3-300x180.jpg 300w, https:\/\/www.rolling.fi\/wp-content\/uploads\/2021\/09\/3-768x461.jpg 768w, https:\/\/www.rolling.fi\/wp-content\/uploads\/2021\/09\/3-1536x922.jpg 1536w, https:\/\/www.rolling.fi\/wp-content\/uploads\/2021\/09\/3-2048x1230.jpg 2048w, https:\/\/www.rolling.fi\/wp-content\/uploads\/2021\/09\/3-18x12.jpg 18w, https:\/\/www.rolling.fi\/wp-content\/uploads\/2021\/09\/3-2000x1200.jpg 2000w\" sizes=\"auto, (max-width: 767px) 89vw, (max-width: 1000px) 54vw, (max-width: 1071px) 543px, 580px\" \/><figcaption>Rollingin ensimm\u00e4iset kilpatanssiparit vuonna 1981<\/figcaption><\/figure>\n\n\n\n<p>Uuden seuran perustamista kypsyteltiin vuoden verran. Muutamat innokkaat nuoret kilpatanssijat miettiv\u00e4t, ett\u00e4 miksip\u00e4 ei Vaasaan mahtuisi toinenkin kilpatanssiseura, kun Vaasassa toimi useampi jumppaseurakin. Ajan kuluessa taustalla kasvoi parien ja heid\u00e4n vanhempiensa halu saada muutosta aikaan ja tarve rakentaa monipuolisempaa kilpatanssitoimintaa Vaasaan. Kaikki t\u00e4m\u00e4 johti lopulta p\u00e4iv\u00e4\u00e4n, jolloin vanhimmat kilpatanssiparit ja heid\u00e4n vanhempansa &#8211; yhteens\u00e4 26 henkil\u00f6\u00e4 &#8211; kokoontuivat 9.5.1981 er\u00e4\u00e4n tanssijan kotiin Tanssiurheiluseura Rolling ry:n perustamiskokoukseen.<\/p>\n\n\n\n<p>Seuran nimen ja logon on ideoinut ja viimeistellyt Lasse. \u201dNimiehdotuksia miettiv\u00e4t kyll\u00e4 kaikki. Min\u00e4 ehdotin nime\u00e4 Rolling ja toinen ehdottamani nimi oli Polestar eli Pohjant\u00e4hti. N\u00e4ist\u00e4 kahdesta valittiin yhdess\u00e4 lopulta nimi Rolling\u201d, kertoo Lasse. \u201dSeuran logon suunnittelu annettiin minulle, koska ty\u00f6skentelin mainostoimistossa. Logossa maapallon p\u00e4\u00e4ll\u00e4 oleva tanssipari kuvastaa sit\u00e4, ett\u00e4 tanssi on maailmanlaajuinen laji. Logossa tanssipari on siis tekem\u00e4ss\u00e4 jiven kuviota nimelt\u00e4\u00e4\u00e4n \u201drolling of the arm\u201d. V\u00e4rit logoon valitsin Suomesta: meri, taivas, lumi ja Suomen lippu.\u201d Lasse muistelee, ett\u00e4 seuroilla oli tuohon aikaan paljon vakiotanssityyppisi\u00e4 logoja ja siksi h\u00e4n halusi uuden seuran logoon lattarikuvion. Rollingin j\u00e4rjest\u00e4ess\u00e4 vuonna 2006 lattareiden SM-kisat, Lasse suunnitteli kisaan flyerin. Samalla seuran logoa muokattiin eli maapallo poistettiin ja tanssipari aseteltiin Rolling-tekstin p\u00e4\u00e4lle.<\/p>\n\n\n\n<div class=\"wp-block-columns is-layout-flex wp-container-core-columns-is-layout-1 wp-block-columns-is-layout-flex\">\n<div class=\"wp-block-column is-layout-flow wp-block-column-is-layout-flow\">\n<figure class=\"wp-block-image size-large is-resized\"><img loading=\"lazy\" decoding=\"async\" src=\"https:\/\/www.rolling.fi\/wp-content\/uploads\/2021\/09\/w-906x1024.jpg\" alt=\"\" class=\"wp-image-1266\" width=\"230\" height=\"260\" srcset=\"https:\/\/www.rolling.fi\/wp-content\/uploads\/2021\/09\/w-906x1024.jpg 906w, https:\/\/www.rolling.fi\/wp-content\/uploads\/2021\/09\/w-266x300.jpg 266w, https:\/\/www.rolling.fi\/wp-content\/uploads\/2021\/09\/w-768x868.jpg 768w, https:\/\/www.rolling.fi\/wp-content\/uploads\/2021\/09\/w-1360x1536.jpg 1360w, https:\/\/www.rolling.fi\/wp-content\/uploads\/2021\/09\/w-11x12.jpg 11w, https:\/\/www.rolling.fi\/wp-content\/uploads\/2021\/09\/w.jpg 1596w\" sizes=\"auto, (max-width: 230px) 100vw, 230px\" \/><figcaption>P\u00e4ivikki Lepist\u00f6 ja Lasse Savolainen hotelli Waskiassa tanssimassa lambadaa Anna Hanskin tahtiin vuonna<br>1989<\/figcaption><\/figure>\n<\/div>\n\n\n\n<div class=\"wp-block-column is-layout-flow wp-block-column-is-layout-flow\">\n<figure class=\"wp-block-image size-large\"><img loading=\"lazy\" decoding=\"async\" width=\"514\" height=\"961\" src=\"https:\/\/www.rolling.fi\/wp-content\/uploads\/2021\/09\/20190910_205603-COLLAGE.jpg\" alt=\"\" class=\"wp-image-1267\" srcset=\"https:\/\/www.rolling.fi\/wp-content\/uploads\/2021\/09\/20190910_205603-COLLAGE.jpg 514w, https:\/\/www.rolling.fi\/wp-content\/uploads\/2021\/09\/20190910_205603-COLLAGE-160x300.jpg 160w, https:\/\/www.rolling.fi\/wp-content\/uploads\/2021\/09\/20190910_205603-COLLAGE-6x12.jpg 6w\" sizes=\"auto, (max-width: 514px) 100vw, 514px\" \/><figcaption>Rollingin kilpatanssipareja 1980-luvulla \u2013 oikealla alariviss\u00e4 P\u00e4ivikki Lepist\u00f6 ja Lasse Savolainen<\/figcaption><\/figure>\n<\/div>\n\n\n\n<div class=\"wp-block-column is-layout-flow wp-block-column-is-layout-flow\">\n<figure class=\"wp-block-image size-large is-resized\"><img loading=\"lazy\" decoding=\"async\" src=\"https:\/\/www.rolling.fi\/wp-content\/uploads\/2021\/09\/hk-1024x889.jpg\" alt=\"\" class=\"wp-image-1268\" width=\"296\" height=\"257\" srcset=\"https:\/\/www.rolling.fi\/wp-content\/uploads\/2021\/09\/hk-1024x889.jpg 1024w, https:\/\/www.rolling.fi\/wp-content\/uploads\/2021\/09\/hk-300x261.jpg 300w, https:\/\/www.rolling.fi\/wp-content\/uploads\/2021\/09\/hk-768x667.jpg 768w, https:\/\/www.rolling.fi\/wp-content\/uploads\/2021\/09\/hk-1536x1334.jpg 1536w, https:\/\/www.rolling.fi\/wp-content\/uploads\/2021\/09\/hk-2048x1779.jpg 2048w, https:\/\/www.rolling.fi\/wp-content\/uploads\/2021\/09\/hk-14x12.jpg 14w\" sizes=\"auto, (max-width: 296px) 100vw, 296px\" \/><figcaption>P\u00e4ivikki Lepist\u00f6 toimittaja Heikki Kahilan apurina vuonna 1990 Vaasan Ty\u00f6v\u00e4enopistolla<\/figcaption><\/figure>\n\n\n\n<figure class=\"wp-block-image size-large is-resized\"><img loading=\"lazy\" decoding=\"async\" src=\"https:\/\/www.rolling.fi\/wp-content\/uploads\/2021\/09\/hkk-1024x456.jpg\" alt=\"\" class=\"wp-image-1274\" width=\"311\" height=\"138\" srcset=\"https:\/\/www.rolling.fi\/wp-content\/uploads\/2021\/09\/hkk-1024x456.jpg 1024w, https:\/\/www.rolling.fi\/wp-content\/uploads\/2021\/09\/hkk-300x134.jpg 300w, https:\/\/www.rolling.fi\/wp-content\/uploads\/2021\/09\/hkk-768x342.jpg 768w, https:\/\/www.rolling.fi\/wp-content\/uploads\/2021\/09\/hkk-1536x685.jpg 1536w, https:\/\/www.rolling.fi\/wp-content\/uploads\/2021\/09\/hkk-2048x913.jpg 2048w, https:\/\/www.rolling.fi\/wp-content\/uploads\/2021\/09\/hkk-18x8.jpg 18w\" sizes=\"auto, (max-width: 311px) 100vw, 311px\" \/><\/figure>\n<\/div>\n<\/div>\n\n\n\n<p>Rollingin seuratoiminnan alku oli r\u00e4v\u00e4kk\u00e4 ja toiminta k\u00e4ynnistettiin v\u00e4litt\u00f6m\u00e4sti lasten, nuorten ja aikuisten kilpatanssiryhmien perustamisella. Alkeisryhmi\u00e4 seurasi pian jatkoryhm\u00e4t. Seurassa oli alunperin viisi kilpatanssiparia, jotka my\u00f6s ohjasivat muita tanssiryhmi\u00e4 oman harrastuksensa ohessa. My\u00f6s osa parien vanhemmista avusti ohjaamisessa. Seuran j\u00e4senm\u00e4\u00e4r\u00e4 kasvoi vauhdilla. Vuonna 1984 seuraan liittyi 11 kilpatanssiparia paikallisesta tanssiseurasta. \u201dKaikki johtokunnan j\u00e4senet olivat innostuneita ja tekiv\u00e4t ahkerasti t\u00f6it\u00e4 seuran eteen. Suurimman ty\u00f6n alussa tekiv\u00e4t puheenjohtaja Rauni Sysiaho, sihteeri Pia Savolainen ja rahastonhoitaja Liisa Kivel\u00e4. L\u00e4mm\u00f6ll\u00e4 muistan heit\u00e4 viel\u00e4kin!\u201d sanoo Vikki.<\/p>\n\n\n\n<p>Uuden tanssiseuran perustamisen yhten\u00e4 tavoitteena oli tarjota laadukasta ja s\u00e4\u00e4nn\u00f6llist\u00e4 valmennusta kilpatanssijoille. \u201dAluksi harjoiteltiin omiin nimiin, toinen toistaan katsellen, mutta heti perustamisvuoden syksyll\u00e4 olimme yhteydess\u00e4 Kokkolan Corteen yhteisty\u00f6n aloittamiseksi.\u201d Rollingin pareille j\u00e4rjestyikin lupa k\u00e4yd\u00e4 Kokkolassa valmennuksessa. Parin vuoden kuluttua seura sai Vaasaan omat vierailevat valmentajat eli Salme ja Asko Raukovaaran Oulun Telemark Teamista. \u201dAsko ja Salme olivat taitavia, vaativia ja kannustavia valmentajia sek\u00e4 ihania ihmisi\u00e4!\u201d muistelee Vikki. Seuran tanssijoille tarjottiin my\u00f6s mahdollisuus k\u00e4yd\u00e4 Oulussa ulkomaalaisten valmentajien tunneilla. My\u00f6hemmin seuran valmentajaksi tulivat Heikki ja Vieno Ketonen. \u201dHeikki ja Vieno ovat eritt\u00e4in ansioituneita ja taitavia tanssijoita ja ennen kaikkea miellytt\u00e4vi\u00e4 valmentajia\u201d, luonnehtii Vikki. 1980-luvun puoliv\u00e4lin j\u00e4lkeen seuran pareja valmensi muutaman vuoden Carol MacRaild ja Mark Parkin Englannista. Pari suuntasi valmennusreissujaan Vaasaan noin 3 kuukauden v\u00e4lein. My\u00f6s Juha \u201dLeevi\u201d Leskinen toimi my\u00f6hemmin Vikkin ja Lassen lattari-valmentajana.<\/p>\n\n\n\n<p>Rollingin yhteishenki oli vahva heti seuran perustamisesta ja seuralaiset viettiv\u00e4t paljon aikaa yhdess\u00e4 my\u00f6s vapaa-ajalla. Rolling oli heti toimintansa alussa n\u00e4kyv\u00e4sti esill\u00e4 Vaasassa. Ensimm\u00e4isin\u00e4 vuosina seura ker\u00e4si rahaa muotin\u00e4yt\u00f6ksill\u00e4, tanssiesityksill\u00e4 sek\u00e4 tanssikursseilla, oman lehden julkaisulla sek\u00e4 esimerkiksi pesem\u00e4ll\u00e4 ikkunoita Hartmannilla Liisanlehdossa ja Huutoniemen sairaalassa. Ensimm\u00e4iset tanssilliset muotin\u00e4yt\u00f6kset j\u00e4rjestettiin Kauppa-oppilaitoksella 1983 ja t\u00e4m\u00e4n j\u00e4lkeen muotin\u00e4yt\u00f6ksi\u00e4 pidettiin my\u00f6s Sokoksella, Citarissa ja Vaasanlaivoilla. Rolling j\u00e4rjesti my\u00f6s tanssillisia h\u00e4\u00e4pukuesityksi\u00e4, erilaisia myyj\u00e4isi\u00e4, karnevaaleja ja lastenjuhlia. Seuran oma joulupukkitoiminta oli my\u00f6s t\u00e4rke\u00e4 vuosittainen varainkeruumuoto. Vikki muistaa my\u00f6s paikallisille sairaanhoito-oppilaille j\u00e4rjestetyt ikimuistoiset sambakarnevaalit. Rolling ei unohtanut ik\u00e4ihmisi\u00e4k\u00e4\u00e4n, vaan tanssia haluttiin vied\u00e4 my\u00f6s vanhainkoteihin. Rollingin tanssijat tulivat tunnetuksi niin ik\u00e4\u00e4n kaupungin teatterissa, kun Vaasan oopperan \u201dIloisessa leskess\u00e4\u201d esiintyi Rollingin tanssijoita.<\/p>\n\n\n\n<div class=\"wp-block-image\"><figure class=\"alignright size-medium\"><img loading=\"lazy\" decoding=\"async\" width=\"180\" height=\"300\" src=\"https:\/\/www.rolling.fi\/wp-content\/uploads\/2021\/09\/22-180x300.jpg\" alt=\"\" class=\"wp-image-1271\" srcset=\"https:\/\/www.rolling.fi\/wp-content\/uploads\/2021\/09\/22-180x300.jpg 180w, https:\/\/www.rolling.fi\/wp-content\/uploads\/2021\/09\/22-614x1024.jpg 614w, https:\/\/www.rolling.fi\/wp-content\/uploads\/2021\/09\/22-768x1280.jpg 768w, https:\/\/www.rolling.fi\/wp-content\/uploads\/2021\/09\/22-922x1536.jpg 922w, https:\/\/www.rolling.fi\/wp-content\/uploads\/2021\/09\/22-1229x2048.jpg 1229w, https:\/\/www.rolling.fi\/wp-content\/uploads\/2021\/09\/22-7x12.jpg 7w, https:\/\/www.rolling.fi\/wp-content\/uploads\/2021\/09\/22-scaled.jpg 1536w\" sizes=\"auto, (max-width: 180px) 100vw, 180px\" \/><figcaption>P\u00e4ivikki Lepist\u00f6 ja Lasse Savolainen vuonna 1991<\/figcaption><\/figure><\/div>\n\n\n\n<p>Rollingin ensimm\u00e4iset tanssitilat olivat Finlaysonilla, Kotirannan Ty\u00f6v\u00e4entalolla sek\u00e4 Nuorisotalolla. Oman tanssistudion vuokraaminen Rinnakkaistielt\u00e4 Suvilahdesta vuonna 1983 oli mahtava asia. Tilat siivottiin yhdess\u00e4 ja seura varusti salin peilein. Tila oli kuitenkin liian kapea, mik\u00e4 vaikeutti suurten ryhmien harjoittelua. Tiloista luovuttiin lopulta parin vuoden kuluttua. Harjoituksia pidettiin t\u00e4m\u00e4n j\u00e4lkeen Nuorisotalolla, Yhteiskoululla ja my\u00f6hemmin my\u00f6s Ristinummen ja Hagan kouluilla.<\/p>\n\n\n\n<p>Kilpatanssin alkeisryhmien paisuessa nopeasti Rolling perusti loppuvuodesta 1981 discotanssiryhm\u00e4n, jossa my\u00f6s Vikki tanssi. Tanssiharrastuksessa mukana olevia tytt\u00f6j\u00e4 oli yksinkertaisesti huomattavasti poikia enemm\u00e4n ja t\u00e4m\u00e4 johti discotanssiryhm\u00e4n k\u00e4ynnist\u00e4miseen. Discotanssi ker\u00e4si suuren suosion ja ryhmi\u00e4 muodostettiin useampia. Vikin discotanssiryhm\u00e4 kisasi kilpa-tanssijoiden tapaan ahkerasti ja menestyksekk\u00e4\u00e4sti. Discohuuma n\u00e4kyi usean vuoden ajan Rollingin toiminnassa.<\/p>\n\n\n\n<figure class=\"wp-block-image size-medium\"><img loading=\"lazy\" decoding=\"async\" width=\"300\" height=\"277\" src=\"https:\/\/www.rolling.fi\/wp-content\/uploads\/2021\/09\/112-300x277.jpg\" alt=\"\" class=\"wp-image-1272\" srcset=\"https:\/\/www.rolling.fi\/wp-content\/uploads\/2021\/09\/112-300x277.jpg 300w, https:\/\/www.rolling.fi\/wp-content\/uploads\/2021\/09\/112-1024x947.jpg 1024w, https:\/\/www.rolling.fi\/wp-content\/uploads\/2021\/09\/112-768x710.jpg 768w, https:\/\/www.rolling.fi\/wp-content\/uploads\/2021\/09\/112-1536x1420.jpg 1536w, https:\/\/www.rolling.fi\/wp-content\/uploads\/2021\/09\/112-13x12.jpg 13w, https:\/\/www.rolling.fi\/wp-content\/uploads\/2021\/09\/112.jpg 2023w\" sizes=\"auto, (max-width: 300px) 100vw, 300px\" \/><figcaption>Rollingin discotanssiryhm\u00e4 1980-luvulla<\/figcaption><\/figure>\n\n\n\n<p>Lassen perheelle tanssi oli yhteinen rakas harrastus. Sek\u00e4 is\u00e4 ja \u00e4iti, Raimo ja Pia, sek\u00e4 kaikki kolme sisarusta Lasse, Leena ja Mika, tanssivat kilpatanssia kukin useamman vuoden. Lassen \u00e4iti Pia toimi seuran ensimm\u00e4isen\u00e4 sihteerin\u00e4. Lis\u00e4ksi Pia ja Raimo olivat mukana Rollingin aikuisten kilpatanssiryhm\u00e4ss\u00e4. Vikin ja Lassen yhteinen tanssiura alkoi vuonna 1979. Ensimm\u00e4iset kilpailut pari kisasi Kemij\u00e4rvell\u00e4 vuoden 1982 alussa. He kilpailivat yhdess\u00e4 noin viitisen vuotta nousten yleiseen C-luokkaan. Lassen perustaessa oman yrityksen aika alkoi olla kortilla. Pikkuhiljaa he keskittyiv\u00e4t pelk\u00e4st\u00e4\u00e4n aikuisten kilpatanssiryhm\u00e4n ohjaamiseen. \u201dSeuran eteen piti olla mukana kaikessa, se oli meille tavallaan kunniakysymys, ett\u00e4 saatiin l\u00e4hte\u00e4 vet\u00e4m\u00e4\u00e4n ryhmi\u00e4\u201d, selvent\u00e4\u00e4 Lasse.<\/p>\n\n\n\n<p>Lasse toimi yhden kauden seuran puheenjohtajanakin Vikin toimiessa puolestaan noin nelisen vuotta johtokunnan j\u00e4senen\u00e4. Pariskunta ohjasi kilpatanssilapsia ja nuoria noin nelj\u00e4 vuotta ja aikuisia puolestaan per\u00e4ti 15 vuotta. \u201dAikuisten ryhm\u00e4ss\u00e4 tanssi keskim\u00e4\u00e4rin 10-15 paria. Teimme yhdess\u00e4 monia viikonloppu-tanssimatkoja laivalla Uumajaan,  \u00d6rnsk\u00f6ldsvikiin ja Tukholmaan. Vaasassa k\u00e4vimme tanssimassa ravintoloissa ja Waskian Sambakarnevaaleissa.\u201d<\/p>\n\n\n\n<p>Lassella ja Vikill\u00e4 on useita mahtavia muistoja Rolling-vuosiltaan. He kuvaavat mielenpainuvimmaksi tapahtumaksi 1980-luvun loppua, kun heit\u00e4 pyydettiin tekem\u00e4\u00e4n paikallisessa Vaasa TV:ss\u00e4 esitett\u00e4v\u00e4 10-osainen Tanssikoulu -ohjelmasarja. \u201dT\u00e4ss\u00e4 ohjelmassa me harjoittelimme ja opetimme eri tansseja ja siin\u00e4 tanssivat my\u00f6s meid\u00e4n aikuisharrastajat\u201d, kuvailee Vikki ohjelman sis\u00e4lt\u00f6\u00e4.<\/p>\n\n\n\n<p>\u201dLambadahuuman saavuttua Suomeen vuonna 1989, opiskelimme itse ensin askeleet videoilta ja ehdotimme seuralle lambada -kurssin j\u00e4rjest\u00e4mist\u00e4. Saimme sen sitten teht\u00e4v\u00e4ksemme.\u201d T\u00e4m\u00e4 poiki my\u00f6s esiintymisi\u00e4 tavarataloihin, ravintoloihin ja yritysjuhliin.<\/p>\n\n\n\n<div class=\"wp-block-image\"><figure class=\"alignright size-medium\"><img loading=\"lazy\" decoding=\"async\" width=\"198\" height=\"300\" src=\"https:\/\/www.rolling.fi\/wp-content\/uploads\/2021\/09\/JSA-198x300.jpg\" alt=\"\" class=\"wp-image-1273\" srcset=\"https:\/\/www.rolling.fi\/wp-content\/uploads\/2021\/09\/JSA-198x300.jpg 198w, https:\/\/www.rolling.fi\/wp-content\/uploads\/2021\/09\/JSA-8x12.jpg 8w, https:\/\/www.rolling.fi\/wp-content\/uploads\/2021\/09\/JSA.jpg 397w\" sizes=\"auto, (max-width: 198px) 100vw, 198px\" \/><figcaption>Tanssija\/Tanssinopettaja Jari Samulin vuonna 1983<\/figcaption><\/figure><\/div>\n\n\n\n<p> \u201dKerran saimme Lassen kanssa kutsun menn\u00e4 tanssimaan lambadaa hotelli Waskiaan, Anna Hanskin esiintyess\u00e4 ja toimiessa solistina.\u201d Vikille mieleen-painuva tapahtuma oli my\u00f6s, kun h\u00e4n vuonna 1983 soitti Aira Samulinin pojalle Jarille ja pyysi h\u00e4nt\u00e4 Vaasaan pit\u00e4m\u00e4\u00e4n Rollingille discotanssikurssia. Jari k\u00e4vikin sitten kaksi kertaa Vaasassa V\u00f6yrinkaupungin koululla. Vikill\u00e4 on henkil\u00f6kohtaisesti my\u00f6s ollut ilo ja kunnia avustaa legendaarista uutistenlukijaa Heikki Kahilaa vuonna 1990, kun h\u00e4n luennoi Vaasan ty\u00f6v\u00e4enopistolla aiheesta \u201dParitanssin historia ja nykyp\u00e4iv\u00e4\u201d.<\/p>\n\n\n\n<p>Sek\u00e4 Vikki ett\u00e4 Lasse muistavat seuran 10-vuotisjuhlat Ernstiss\u00e4. \u201dJokainen seuran ryhm\u00e4 esiintyi juhlassa, joten koko repertuaari oli n\u00e4ytill\u00e4. Juhla oli aikamoista showta, se suunniteltiin hyvin, DJ:t ja spiikkeri olivat loistavia. Tarjosimme varmasti mukavia el\u00e4myksi\u00e4 tanssiharrastajille\u201d, miettii Lasse. Vikki ja Lasse ovat olleet kutsu-vieraina my\u00f6s seuran 20-vuotisjuhlassa.<\/p>\n\n\n\n<p>Tanssilla on aina ollut ja tulee aina olemaan paikka Vikin ja Lassen syd\u00e4mess\u00e4. \u201dTanssi on suurimpia juttuja, mit\u00e4 el\u00e4m\u00e4ss\u00e4 on ollut, se on vienyt meid\u00e4t t\u00e4ysin\u201d, kuvailee Lasse. Tanssijalkaa on kolottanut ja kolmisen vuotta sitten pariskunta k\u00e4vi vuoden Rollingin kilpatanssi-treeneiss\u00e4. Kumpikin tuumaa, ett\u00e4 he haluaisivat viel\u00e4 tanssia, alkaa treenata ja ehk\u00e4 jopa kilpailla. Tanssi on rakas molemmille. \u201dMutta juuri nyt ei yksinkertaisesti ole aikaa\u201d, toteavat Vikki ja Lasse.<\/p>\n\n\n\n<figure class=\"wp-block-image size-large is-resized\"><img loading=\"lazy\" decoding=\"async\" src=\"https:\/\/www.rolling.fi\/wp-content\/uploads\/2021\/09\/111-761x1024.jpg\" alt=\"\" class=\"wp-image-1275\" width=\"560\" height=\"752\" srcset=\"https:\/\/www.rolling.fi\/wp-content\/uploads\/2021\/09\/111-223x300.jpg 223w, https:\/\/www.rolling.fi\/wp-content\/uploads\/2021\/09\/111-768x1033.jpg 768w, https:\/\/www.rolling.fi\/wp-content\/uploads\/2021\/09\/111-9x12.jpg 9w\" sizes=\"auto, (max-width: 560px) 100vw, 560px\" \/><figcaption>Rolling palkitsi kev\u00e4tn\u00e4yt\u00f6ksess\u00e4\u00e4n 14.5.1982 Lasse Savolaisen, Keijo Nylundin ja Leena Savolaisen Tanssiurheiluliiton kultaisella mitalilla 10 vuoden aktiivisesta harrastamisesta<\/figcaption><\/figure>\n\n\n\n<p><\/p>","protected":false},"excerpt":{"rendered":"<p>P\u00e4ivikki \u201dVikki\u201d Lepist\u00f6-Savolainen ja Lasse Savolainen \u2013 mukana Rollingin perustamistalkoissa Tanssiurheiluseura Rolling ry:n historiaan perehtyess\u00e4si t\u00f6rm\u00e4\u00e4t pariskuntaan nimelt\u00e4 P\u00e4ivikki \u201dVikki\u201dLepist\u00f6-Savolainen ja Lasse Savolainen. Seuran perusti 26 aktiivista tanssin yst\u00e4v\u00e4\u00e4, joihin Vikki ja Lasse my\u00f6s lukeutuivat. Tuolloin he olivat alle 20-vuotiaita nuoria kilpa-tanssijoita, joista my\u00f6hemmin tuli my\u00f6s aviopari. Sek\u00e4 Vikki ett\u00e4 Lasse olivat seuran aktiivij\u00e4seni\u00e4 perustamisvuodesta &hellip; <\/p>\n<p class=\"link-more\"><a href=\"https:\/\/www.rolling.fi\/sv\/rolling-40-vuotta-paivikki-vikki-lepisto-savolainen-ja-lasse-savolainen\/\" class=\"more-link\">Forts\u00e4tt l\u00e4sa<span class=\"screen-reader-text\"> \u201dRolling 40 v &#8211; P\u00e4ivikki \u201dVikki\u201d Lepist\u00f6-Savolainen ja Lasse Savolainen\u201d<\/span><\/a><\/p>","protected":false},"author":4,"featured_media":0,"parent":0,"menu_order":0,"comment_status":"closed","ping_status":"closed","template":"","meta":{"footnotes":""},"class_list":["post-1262","page","type-page","status-publish","hentry"],"_links":{"self":[{"href":"https:\/\/www.rolling.fi\/sv\/wp-json\/wp\/v2\/pages\/1262","targetHints":{"allow":["GET"]}}],"collection":[{"href":"https:\/\/www.rolling.fi\/sv\/wp-json\/wp\/v2\/pages"}],"about":[{"href":"https:\/\/www.rolling.fi\/sv\/wp-json\/wp\/v2\/types\/page"}],"author":[{"embeddable":true,"href":"https:\/\/www.rolling.fi\/sv\/wp-json\/wp\/v2\/users\/4"}],"replies":[{"embeddable":true,"href":"https:\/\/www.rolling.fi\/sv\/wp-json\/wp\/v2\/comments?post=1262"}],"version-history":[{"count":17,"href":"https:\/\/www.rolling.fi\/sv\/wp-json\/wp\/v2\/pages\/1262\/revisions"}],"predecessor-version":[{"id":1722,"href":"https:\/\/www.rolling.fi\/sv\/wp-json\/wp\/v2\/pages\/1262\/revisions\/1722"}],"wp:attachment":[{"href":"https:\/\/www.rolling.fi\/sv\/wp-json\/wp\/v2\/media?parent=1262"}],"curies":[{"name":"wp","href":"https:\/\/api.w.org\/{rel}","templated":true}]}}