{"id":1362,"date":"2021-11-04T13:09:25","date_gmt":"2021-11-04T11:09:25","guid":{"rendered":"https:\/\/www.rolling.fi\/?page_id=1362"},"modified":"2021-11-09T09:17:34","modified_gmt":"2021-11-09T07:17:34","slug":"rolling-40-v-leena-myllyniemi","status":"publish","type":"page","link":"https:\/\/www.rolling.fi\/sv\/rolling-40-v-leena-myllyniemi\/","title":{"rendered":"Rolling 40 v &#8211; Leena Myllyniemi"},"content":{"rendered":"<h2 class=\"wp-block-heading\"><span class=\"has-inline-color has-vivid-cyan-blue-color\"><strong>Leena Myllyniemi \u2013 monivuotinen seura-aktiivi &#8211; mukana jo Rollingin perustamisessa<\/strong><\/span><\/h2>\n\n\n\n<p>Leena oli 17-vuotias kilpatanssija, kun Rolling perustettiin. \u201dOlen yksi viidest\u00e4 parista \u2013 tai paremminkin puolikas paria, jotka olivat mukana seuran perustamisessa\u201d, aloittaa Leena. Leenalla on monipuolinen ura tanssiurheiluseurassamme, sill\u00e4 h\u00e4n j\u00e4tt\u00e4ytyi pois seuratoiminnasta vasta pari vuotta sitten. Seuratoimintaa kertyi parikymment\u00e4 vuotta, joskin Leena oli v\u00e4lill\u00e4 nelisentoista vuotta poissa t\u00e4st\u00e4.<\/p>\n\n\n\n<div class=\"wp-block-columns is-layout-flex wp-container-core-columns-is-layout-1 wp-block-columns-is-layout-flex\">\n<div class=\"wp-block-column is-layout-flow wp-block-column-is-layout-flow\">\n<figure class=\"wp-block-image size-large is-resized\"><img loading=\"lazy\" decoding=\"async\" src=\"https:\/\/www.rolling.fi\/wp-content\/uploads\/2021\/10\/L3-788x1024.jpg\" alt=\"\" class=\"wp-image-1400\" width=\"287\" height=\"373\" srcset=\"https:\/\/www.rolling.fi\/wp-content\/uploads\/2021\/10\/L3-788x1024.jpg 788w, https:\/\/www.rolling.fi\/wp-content\/uploads\/2021\/10\/L3-231x300.jpg 231w, https:\/\/www.rolling.fi\/wp-content\/uploads\/2021\/10\/L3-768x998.jpg 768w, https:\/\/www.rolling.fi\/wp-content\/uploads\/2021\/10\/L3-9x12.jpg 9w, https:\/\/www.rolling.fi\/wp-content\/uploads\/2021\/10\/L3.jpg 1069w\" sizes=\"auto, (max-width: 287px) 100vw, 287px\" \/><figcaption>Leena Kivel\u00e4 (nyk. Myllyniemi) vuonna 1984<\/figcaption><\/figure>\n<\/div>\n\n\n\n<div class=\"wp-block-column is-layout-flow wp-block-column-is-layout-flow\">\n<figure class=\"wp-block-image size-large is-resized\"><img loading=\"lazy\" decoding=\"async\" src=\"https:\/\/www.rolling.fi\/wp-content\/uploads\/2021\/10\/l2-1-712x1024.jpg\" alt=\"\" class=\"wp-image-1530\" width=\"246\" height=\"353\" srcset=\"https:\/\/www.rolling.fi\/wp-content\/uploads\/2021\/10\/l2-1-712x1024.jpg 712w, https:\/\/www.rolling.fi\/wp-content\/uploads\/2021\/10\/l2-1-209x300.jpg 209w, https:\/\/www.rolling.fi\/wp-content\/uploads\/2021\/10\/l2-1-768x1105.jpg 768w, https:\/\/www.rolling.fi\/wp-content\/uploads\/2021\/10\/l2-1-1068x1536.jpg 1068w, https:\/\/www.rolling.fi\/wp-content\/uploads\/2021\/10\/l2-1-1424x2048.jpg 1424w, https:\/\/www.rolling.fi\/wp-content\/uploads\/2021\/10\/l2-1-8x12.jpg 8w, https:\/\/www.rolling.fi\/wp-content\/uploads\/2021\/10\/l2-1-scaled.jpg 1780w\" sizes=\"auto, (max-width: 246px) 100vw, 246px\" \/><figcaption>Rollingin discotanssiryhm\u00e4 vuonna 1984, Leena Kivel\u00e4 ylh\u00e4\u00e4ll\u00e4  vasemmalla<br><\/figcaption><\/figure>\n<\/div>\n<\/div>\n\n\n\n<p>Leenalla oli takanaan muutama vuosi tanssiharrastusta kahden eri parin kanssa ennen Rollingia. \u201dAlunperin hurahdin tanssin maailmaan luokkakaverini Leena Savolaisen kautta. K\u00e4vin kilpatanssin \u201dgrand old man\u201d Veikko \u201dVekarias\u201d Niemel\u00e4n tanssikursseilla Nuorisotalolla. Merkitt\u00e4v\u00e4n syk\u00e4hdyksen tanssiharrastukseeni antoi vuonna 1978&nbsp; Aira Samulinin Rytmikk\u00e4iden pit\u00e4m\u00e4 tanssikurssi Saturday Night Fever \u2013leffaan liittyen. Opettajana toimi tuolloin Jari Samulin. Jari Samulin piti my\u00f6hemmin Rollingissakin discotanssikursseja. Hieman aikaisemmin olin l\u00e4htenyt mukaan kilpatanssin alkeiskurssille.\u201d<\/p>\n\n\n\n<p>Rollingin perustajien yhteinen intressi oli k\u00e4ynnist\u00e4\u00e4 seuratoiminta rivakasti. My\u00f6s Leena osallistui seuran perustamiskokoukseen, miss\u00e4 h\u00e4nen \u00e4itins\u00e4 Liisa Kivel\u00e4 valittiin seuran ensimm\u00e4iseksi rahaston-hoitajaksi. T\u00e4t\u00e4 teht\u00e4v\u00e4\u00e4 Liisa hoiti parisen vuotta. \u201dTunnelma perustamiskokouksessa oli innokas ja iloinen\u201d, kuvailee Leena. \u201dUuden seuran p\u00e4\u00e4m\u00e4\u00e4r\u00e4n\u00e4 oli vied\u00e4 kilpatanssia eteenp\u00e4in, saada menestyvi\u00e4 kilpatanssijoita sek\u00e4 toisaalta kasvattaa seuran j\u00e4senm\u00e4\u00e4r\u00e4\u00e4 ja tanssin harrastajia ylip\u00e4\u00e4t\u00e4\u00e4n.\u201d<\/p>\n\n\n\n<p>Leena osallistui muiden seuralaisten tavoin aktiivisesti kaikkiin mahdollisiin talkoopuuhiin, mit\u00e4 seurassa j\u00e4rjestettiin toiminnan alkaessa. \u201dUusia harrastajia ja toisaalta tuloja saatiin esiintym\u00e4ll\u00e4 erilaisissa tilaisuuksissa, &nbsp;mainostamalla uutta seuraa ahkerasti lehdiss\u00e4 sek\u00e4 my\u00f6hemmin painamalla seuran omaa ilmaislehte\u00e4.\u201d Toiminta oli monipuolista ja sit\u00e4 oli paljon. \u201dEntisell\u00e4 Kauppaoppi-laitoksella j\u00e4rjestetyt muotin\u00e4yt\u00f6kset yhteisty\u00f6ss\u00e4 paikallisten liikkeiden, kuten Sokos ja Muotitalo Maija (nykyinen Aukia), olivat siihen aikaan suosittuja. Tanssiesityksiin tuli my\u00f6s kivasti katsojia\u201d, kertoo Leena.<\/p>\n\n\n\n<div class=\"wp-block-columns is-layout-flex wp-container-core-columns-is-layout-2 wp-block-columns-is-layout-flex\">\n<div class=\"wp-block-column is-layout-flow wp-block-column-is-layout-flow\">\n<figure class=\"wp-block-image size-large is-resized\"><img loading=\"lazy\" decoding=\"async\" src=\"https:\/\/www.rolling.fi\/wp-content\/uploads\/2021\/10\/K-11-1.jpg\" alt=\"\" class=\"wp-image-1404\" width=\"561\" height=\"445\" srcset=\"https:\/\/www.rolling.fi\/wp-content\/uploads\/2021\/10\/K-11-1.jpg 550w, https:\/\/www.rolling.fi\/wp-content\/uploads\/2021\/10\/K-11-1-300x238.jpg 300w, https:\/\/www.rolling.fi\/wp-content\/uploads\/2021\/10\/K-11-1-15x12.jpg 15w\" sizes=\"auto, (max-width: 561px) 100vw, 561px\" \/><figcaption>Rollingin kilpatanssiparit vuonna 1984<\/figcaption><\/figure>\n<\/div>\n<\/div>\n\n\n\n<p>\u201dRolling oli alkuvuosina l\u00e4mminhenkinen seura, jossa oli paljon tanssipareja &#8211; lapsia, nuoria ja aikuisia &#8211; ja erityisen hyv\u00e4 yhteishenki.\u201d Leena kiittelee Kokkolan Cortea ja Oulun Telemark Teami\u00e4 kaikesta tuesta ja neuvoista, mit\u00e4 seurat antoivat Rollingille uuden seuran toiminnan k\u00e4ynnistymisen vauhdittamiseksi. Tanssiparit iloitsivat erityisesti saamastaan laadukkaasta ammattivalmennuksesta. Rollingin s\u00e4\u00e4nn\u00f6llinen ja systemaattinen valmennustoiminta alkoi vuonna 1983, kun seura nimitti Asko ja Salme Raukovaaran p\u00e4\u00e4-valmentajiksi. \u201dAsko ja Salme olivat pidettyj\u00e4 opettajia, Salme opettajamaisen rauhallinen opastaja ja Asko vauhdikas vakiotanssija. Muistan viel\u00e4kin, ett\u00e4 h\u00e4nen kanssaan arastelin varsinkin quickstepin tanssimista johtuen &nbsp;Askon vauhdikkuudesta&nbsp; ja pitkist\u00e4 askeleista\u201d, selitt\u00e4\u00e4 Leena hymyillen. Leena muistaa my\u00f6s hyvin, kuinka he meniv\u00e4t j\u00e4nnittynein\u00e4 mukaan ensimm\u00e4isen ulkomaisen valmentajan ryhm\u00e4-tunneille Telemarkin j\u00e4rjest\u00e4m\u00e4\u00e4n valmennukseen, lattariguru Michael Stylianoksen tunneille Ouluun. \u201dMuutaman vuoden kuluttua valmentajiksi tulivat Heikki ja Vieno Ketonen, oli hienoa p\u00e4\u00e4st\u00e4 &nbsp;moninkertaisten &nbsp;Suomen Mestareiden oppiin.\u201d<\/p>\n\n\n\n<div class=\"wp-block-columns is-layout-flex wp-container-core-columns-is-layout-3 wp-block-columns-is-layout-flex\">\n<div class=\"wp-block-column is-layout-flow wp-block-column-is-layout-flow\">\n<figure class=\"wp-block-image size-large is-resized\"><img loading=\"lazy\" decoding=\"async\" src=\"https:\/\/www.rolling.fi\/wp-content\/uploads\/2021\/10\/a-1.jpg\" alt=\"\" class=\"wp-image-1406\" width=\"680\" height=\"191\" srcset=\"https:\/\/www.rolling.fi\/wp-content\/uploads\/2021\/10\/a-1.jpg 580w, https:\/\/www.rolling.fi\/wp-content\/uploads\/2021\/10\/a-1-300x84.jpg 300w, https:\/\/www.rolling.fi\/wp-content\/uploads\/2021\/10\/a-1-18x5.jpg 18w\" sizes=\"auto, (max-width: 680px) 100vw, 680px\" \/><\/figure>\n<\/div>\n<\/div>\n\n\n\n<p>Leena yll\u00e4tt\u00e4\u00e4 kertomalla, ett\u00e4 h\u00e4n on ollut seuramme ensimm\u00e4inen kilpailunjohtajatutkinnon suorittanut. \u201dVuonna 1985 suoritin seuran ensimm\u00e4isen kilpailunjohtajatutkinnon. T\u00e4m\u00e4n j\u00e4lkeen saimme seuraan my\u00f6s muita kilpailunjohtajia.\u201d Leena ei k\u00e4yt\u00e4nn\u00f6ss\u00e4 toiminut koskaan kilpailunjohtajana, mutta katsoo koulutuksesta olleen hy\u00f6ty\u00e4&nbsp; my\u00f6hemm\u00e4ss\u00e4 vaiheessa mm. tuloslaskijan teht\u00e4viss\u00e4. <\/p>\n\n\n\n<p>Leena tiet\u00e4\u00e4 omasta kokemuksestaan, ett\u00e4 menestyksekk\u00e4\u00e4n seuratoiminnan takana on seuralaisten sitoutunut ja p\u00e4\u00e4m\u00e4\u00e4r\u00e4-tietoinen vapaaehtoisty\u00f6. My\u00f6s Leenan vanhemmat olivat alussa vahvasti mukana seuran toiminnassa. Leena muistelee kiitt\u00e4en seuran ensimm\u00e4ist\u00e4 puheenjohtajaa Rauni Sysiahoa sek\u00e4 sihteeri\u00e4 Pia Savolaista. Leenan mieleen on j\u00e4\u00e4nyt my\u00f6s Kristina Viemer\u00f6, joka oli ahkerasti seuratoiminnassa mukana, toimien kisojen huoltajana ja pukuompelijana sek\u00e4 Satu Torsti (o.s. Kulla), joka toimi kilpailijoiden ohjaajana seuran alkuaikoina sek\u00e4 harrasti tanssia eri ryhmiss\u00e4 monen vuoden ajan. \u201dSeurassa on toiminut monta t\u00e4rke\u00e4\u00e4 henkil\u00f6\u00e4 vuosien mittaan\u201d, lis\u00e4\u00e4 Leena. &nbsp;<\/p>\n\n\n\n<p>Vuosina 1981-84 Leena kilpaili aktiivisesti Rollingin nimiss\u00e4, mutta parinsa Vesa Laineen astuessa armeijan harmaisiin tanssiharrastus loppui. Pari ehti nousta C-luokkaan. Leena tanssi viel\u00e4 hetken Vesan veljen kanssa, mutta tanssi tuli lopulta tiens\u00e4 p\u00e4\u00e4h\u00e4n. Aerobichuuma nosti p\u00e4\u00e4t\u00e4\u00e4n 1980-luvun alussa ja my\u00f6s Rolling otti aerobicin ohjelmaansa. Leenakin k\u00e4vi kerran viikossa aerobic-ryhm\u00e4ss\u00e4 kilpatanssiharjoitusten vastapainoksi. Kilpatanssiharrastuksen loputtua Leena siirtyi discotanssiin ja tanssi Rollingin ryhm\u00e4ss\u00e4&nbsp; vuoden ajan, osallistuen my\u00f6s kilpailuihin. Lis\u00e4ksi Leena jatkoi viel\u00e4 pari vuotta seurassa lasten ja nuorten kilpatanssiryhmien ohjaajana yhdess\u00e4 Heidi Toivion (o.s. M\u00e4kip\u00e4\u00e4) kanssa. \u201dKilpatanssissa oli tuolloin seuran alkuvaiheessa paljon lapsipareja ja meill\u00e4 vanhemmilla pareilla oli oma nimikkolapsitanssipari, jota ohjasimme oman harjoittelun ohella.\u201d Pikkuhiljaa Leena j\u00e4tt\u00e4ytyi kuitenkin pois seuratoiminnasta keskittyen perheen perustamiseen.<\/p>\n\n\n\n<p>\u201dVuonna 2000 palasin takaisin Rollingin riveihin ja liityin Eija Purasen pit\u00e4m\u00e4\u00e4n bailatino-ryhm\u00e4\u00e4n. Eri ohjaajien pit\u00e4miss\u00e4 bailatino-ryhmiss\u00e4 tanssinkin vajaat 10 vuotta. &nbsp;Bailatinossa pidin erityisesti lattari-painotteisista tansseista, hyv\u00e4st\u00e4 rytmikk\u00e4\u00e4st\u00e4 musiikista sek\u00e4 siit\u00e4, ett\u00e4 mukana oli paljon kilpatanssikuvioita.\u201d Leena k\u00e4vi jossain vaiheessa my\u00f6s Rollingin zumbatunneilla tytt\u00e4rens\u00e4 kanssa.<\/p>\n\n\n\n<div class=\"wp-block-columns is-layout-flex wp-container-core-columns-is-layout-4 wp-block-columns-is-layout-flex\">\n<div class=\"wp-block-column is-layout-flow wp-block-column-is-layout-flow\">\n<figure class=\"wp-block-image size-large\"><img loading=\"lazy\" decoding=\"async\" width=\"1024\" height=\"680\" src=\"https:\/\/www.rolling.fi\/wp-content\/uploads\/2021\/10\/L1-1024x680.jpg\" alt=\"\" class=\"wp-image-1407\" srcset=\"https:\/\/www.rolling.fi\/wp-content\/uploads\/2021\/10\/L1-1024x680.jpg 1024w, https:\/\/www.rolling.fi\/wp-content\/uploads\/2021\/10\/L1-300x199.jpg 300w, https:\/\/www.rolling.fi\/wp-content\/uploads\/2021\/10\/L1-768x510.jpg 768w, https:\/\/www.rolling.fi\/wp-content\/uploads\/2021\/10\/L1-1536x1020.jpg 1536w, https:\/\/www.rolling.fi\/wp-content\/uploads\/2021\/10\/L1-2048x1360.jpg 2048w, https:\/\/www.rolling.fi\/wp-content\/uploads\/2021\/10\/L1-18x12.jpg 18w\" sizes=\"auto, (max-width: 767px) 89vw, (max-width: 1000px) 54vw, (max-width: 1071px) 543px, 580px\" \/><figcaption>Rollingin bailatinoryhm\u00e4 vuonna 2001 , Leena Myllyniemi takariviss\u00e4 kolmas vasemmalta<\/figcaption><\/figure>\n<\/div>\n<\/div>\n\n\n\n<p>Vuonna 2004 Leenan j\u00e4lkipolvi eli tyt\u00e4r Juulia tuli mukaan Rollingin kilpatanssin alkeisryhm\u00e4\u00e4n. Seuraavana vuonna h\u00e4n aloitti kilpailemisen parinsa Vilin kanssa. Leena huomasi pikkuhiljaa sitoutuneensa yh\u00e4 vahvemmin seuran toimintaan. Juulia tanssi kilpaa Rollingissa noin nelj\u00e4 vuotta, jonka j\u00e4lkeen h\u00e4n jatkoi toisessa seurassa. H\u00e4n eteni pareineen A-luokkaan sek\u00e4 vakioissa ett\u00e4 lattareissa. Juulia j\u00e4tti kilpatanssilattiat yhdeks\u00e4n vuoden j\u00e4lkeen, keskittyen muunlaisiin tansseihin. &nbsp;<\/p>\n\n\n\n<div class=\"wp-block-columns is-layout-flex wp-container-core-columns-is-layout-5 wp-block-columns-is-layout-flex\">\n<div class=\"wp-block-column is-layout-flow wp-block-column-is-layout-flow\">\n<figure class=\"wp-block-image size-large is-resized\"><img loading=\"lazy\" decoding=\"async\" src=\"https:\/\/www.rolling.fi\/wp-content\/uploads\/2021\/10\/juulia-lattarit-2.jpg\" alt=\"\" class=\"wp-image-1408\" width=\"207\" height=\"438\" srcset=\"https:\/\/www.rolling.fi\/wp-content\/uploads\/2021\/10\/juulia-lattarit-2-142x300.jpg 142w, https:\/\/www.rolling.fi\/wp-content\/uploads\/2021\/10\/juulia-lattarit-2-6x12.jpg 6w\" sizes=\"auto, (max-width: 207px) 100vw, 207px\" \/><figcaption>Juulia Myllyniemi vuonna 2012<\/figcaption><\/figure>\n<\/div>\n\n\n\n<div class=\"wp-block-column is-layout-flow wp-block-column-is-layout-flow\">\n<figure class=\"wp-block-image size-large is-resized\"><img loading=\"lazy\" decoding=\"async\" src=\"https:\/\/www.rolling.fi\/wp-content\/uploads\/2021\/10\/juulia-vakiot-2.jpg\" alt=\"\" class=\"wp-image-1409\" width=\"293\" height=\"438\" srcset=\"https:\/\/www.rolling.fi\/wp-content\/uploads\/2021\/10\/juulia-vakiot-2.jpg 383w, https:\/\/www.rolling.fi\/wp-content\/uploads\/2021\/10\/juulia-vakiot-2-201x300.jpg 201w, https:\/\/www.rolling.fi\/wp-content\/uploads\/2021\/10\/juulia-vakiot-2-8x12.jpg 8w\" sizes=\"auto, (max-width: 293px) 100vw, 293px\" \/><figcaption>Juulia Myllyniemi vuonna 2012<\/figcaption><\/figure>\n<\/div>\n<\/div>\n\n\n\n<p>Parinkymmenen aktiivisen seuravuoden aikana Leena toimi tuloslaskijana, parikortistonhoitajana, j\u00e4senrekisterin yll\u00e4pit\u00e4j\u00e4n\u00e4, kilpailuilmoittautumisten vastaavana henkil\u00f6n\u00e4 sek\u00e4 kilpailijoiden vastaanottajana kisoissa. Listaan lis\u00e4t\u00e4\u00e4n viel\u00e4 seuran johtokunnan varaj\u00e4senyys muutamana vuotena. Rolling on palkinnut Leenan ansiokkaasta seuraty\u00f6st\u00e4 seuran kunniaj\u00e4senyydell\u00e4 vuonna 2012.<\/p>\n\n\n\n<div class=\"wp-block-columns is-layout-flex wp-container-core-columns-is-layout-6 wp-block-columns-is-layout-flex\">\n<div class=\"wp-block-column is-layout-flow wp-block-column-is-layout-flow\">\n<figure class=\"wp-block-image size-large is-resized\"><img loading=\"lazy\" decoding=\"async\" src=\"https:\/\/www.rolling.fi\/wp-content\/uploads\/2021\/10\/Kevatesitys_2009_juliste_A3-726x1024.jpg\" alt=\"\" class=\"wp-image-1410\" width=\"296\" height=\"417\" srcset=\"https:\/\/www.rolling.fi\/wp-content\/uploads\/2021\/10\/Kevatesitys_2009_juliste_A3-726x1024.jpg 726w, https:\/\/www.rolling.fi\/wp-content\/uploads\/2021\/10\/Kevatesitys_2009_juliste_A3-213x300.jpg 213w, https:\/\/www.rolling.fi\/wp-content\/uploads\/2021\/10\/Kevatesitys_2009_juliste_A3-768x1084.jpg 768w, https:\/\/www.rolling.fi\/wp-content\/uploads\/2021\/10\/Kevatesitys_2009_juliste_A3-1089x1536.jpg 1089w, https:\/\/www.rolling.fi\/wp-content\/uploads\/2021\/10\/Kevatesitys_2009_juliste_A3-1451x2048.jpg 1451w, https:\/\/www.rolling.fi\/wp-content\/uploads\/2021\/10\/Kevatesitys_2009_juliste_A3-9x12.jpg 9w, https:\/\/www.rolling.fi\/wp-content\/uploads\/2021\/10\/Kevatesitys_2009_juliste_A3-scaled.jpg 1814w\" sizes=\"auto, (max-width: 296px) 100vw, 296px\" \/><figcaption>Rollingin Kev\u00e4tn\u00e4yt\u00f6ksen juliste vuonna 2009<\/figcaption><\/figure>\n<\/div>\n<\/div>\n\n\n\n<p>Ajan saatossa kilpatanssi on kokenut suuriakin muutoksia. Leena muistaa, ett\u00e4 kilpailuluokat olivat seuran alkuaikoina yleisiss\u00e4 sarjoissa melko suuria ja usein kisoissa oli karsinnat, semifinaali sek\u00e4 finaali. Vuosien varrella kilpatanssiharrastajien m\u00e4\u00e4r\u00e4 on vaihdellut suuresti kaikkialla. My\u00f6s Leenalla on l\u00e4mpimi\u00e4 muistoja Rollingissa vier\u00e4ht\u00e4neist\u00e4 vuosista. H\u00e4n pysyi seuran riveiss\u00e4 aina vuoteen 2019 saakka. Henkil\u00f6kohtaisesti seuralla on ollut eritt\u00e4in suuri merkitys Leenan el\u00e4m\u00e4ss\u00e4, sen verran monta talkootuntia h\u00e4n on seuran eteen uurastanut.<\/p>\n\n\n\n<p>Kysyess\u00e4ni, mik\u00e4 Rollingissa oli parasta, vastaa Leena ep\u00e4r\u00f6im\u00e4tt\u00e4: \u201dTanssi! Seurahenki, muut tanssijat ja toimihenkil\u00f6t, joista monista&nbsp; tuli yst\u00e4vi\u00e4 n\u00e4ihin p\u00e4iviin saakka.\u201d Mieleenpainuvimpana tapahtumana my\u00f6s Leena mainitsee Rollingin j\u00e4rjest\u00e4m\u00e4t latinalaistanssien SM-kisat vuonna 2006, kaikki kisojen j\u00e4rjestelyyn liittyv\u00e4t asiat sek\u00e4 itse kisap\u00e4iv\u00e4n. Alkuvuosien kisareissut Kemij\u00e4rven kaamostansseihin sis\u00e4lt\u00e4v\u00e4t my\u00f6s arvokkaita muistoja &nbsp;Leenalle &#8211; yhteiset linja-automatkat, kisojen tunnelma ja pohjoisen maisemat, muiden parien kanssa vietetty yhteinen aika ja me-henki.<\/p>\n\n\n\n<p>Leena iloitsee ylip\u00e4\u00e4t\u00e4\u00e4n tanssin ja erityisesti kilpatanssin n\u00e4kyvyyden parantumisesta viime vuosina. \u201dKilpatanssi on ollut vieras laji monelle ja ehk\u00e4 hieman v\u00e4heksyttykin&nbsp; urheilulajina. Suurelle yleis\u00f6lle kilpa-tanssi on tullut esille enemm\u00e4n mm. &nbsp;Tanssii T\u00e4htien kanssa \u2013formaatin, Pro Am-kilpailuiden sek\u00e4 aktiivisen seuratoiminnan my\u00f6t\u00e4.\u201d<\/p>\n\n\n\n<p>\u201dRollingilla on ollut suuri merkitys omassa nuoruudessani ja uudelleen oman tytt\u00e4ren harrastuksen kautta. Sana Rolling her\u00e4tt\u00e4\u00e4 aina positiivista mielenkiintoa. Rolling on se oma seura\u201d, kiteytt\u00e4\u00e4 Leena. Leena kertoo seuraavansa edelleenkin Rollingin tapahtumia ja parien kilpailusijoituksia. \u201dOdotan innolla p\u00e4\u00e4sev\u00e4ni parketin laidalle katsomoon,&nbsp; kun tilanne taas sallii kisojen j\u00e4rjest\u00e4misen. Monien vuosien toimihenkil\u00f6n\u00e4 toimimisen j\u00e4lkeen on&nbsp; juhlaa p\u00e4\u00e4st\u00e4 katsomoon seuraamaan koko kilpailup\u00e4iv\u00e4\u00e4 aamusta iltaan.\u201d<\/p>\n\n\n\n<p>Leena p\u00e4\u00e4tt\u00e4\u00e4 haastattelun \u201dtoivottamalla kaikille tanssin parissa oleville, olipa laji mik\u00e4 tahansa, intoa harrastamiseen, mieleenpainuvia kokemuksia ja hyvi\u00e4 muistoja. Tanssin iloa!\u201d<\/p>","protected":false},"excerpt":{"rendered":"<p>Leena Myllyniemi \u2013 monivuotinen seura-aktiivi &#8211; mukana jo Rollingin perustamisessa Leena oli 17-vuotias kilpatanssija, kun Rolling perustettiin. \u201dOlen yksi viidest\u00e4 parista \u2013 tai paremminkin puolikas paria, jotka olivat mukana seuran perustamisessa\u201d, aloittaa Leena. Leenalla on monipuolinen ura tanssiurheiluseurassamme, sill\u00e4 h\u00e4n j\u00e4tt\u00e4ytyi pois seuratoiminnasta vasta pari vuotta sitten. Seuratoimintaa kertyi parikymment\u00e4 vuotta, joskin Leena oli v\u00e4lill\u00e4 &hellip; <\/p>\n<p class=\"link-more\"><a href=\"https:\/\/www.rolling.fi\/sv\/rolling-40-v-leena-myllyniemi\/\" class=\"more-link\">Forts\u00e4tt l\u00e4sa<span class=\"screen-reader-text\"> \u201dRolling 40 v &#8211; Leena Myllyniemi\u201d<\/span><\/a><\/p>","protected":false},"author":20,"featured_media":0,"parent":0,"menu_order":0,"comment_status":"closed","ping_status":"closed","template":"","meta":{"footnotes":""},"class_list":["post-1362","page","type-page","status-publish","hentry"],"_links":{"self":[{"href":"https:\/\/www.rolling.fi\/sv\/wp-json\/wp\/v2\/pages\/1362","targetHints":{"allow":["GET"]}}],"collection":[{"href":"https:\/\/www.rolling.fi\/sv\/wp-json\/wp\/v2\/pages"}],"about":[{"href":"https:\/\/www.rolling.fi\/sv\/wp-json\/wp\/v2\/types\/page"}],"author":[{"embeddable":true,"href":"https:\/\/www.rolling.fi\/sv\/wp-json\/wp\/v2\/users\/20"}],"replies":[{"embeddable":true,"href":"https:\/\/www.rolling.fi\/sv\/wp-json\/wp\/v2\/comments?post=1362"}],"version-history":[{"count":38,"href":"https:\/\/www.rolling.fi\/sv\/wp-json\/wp\/v2\/pages\/1362\/revisions"}],"predecessor-version":[{"id":1670,"href":"https:\/\/www.rolling.fi\/sv\/wp-json\/wp\/v2\/pages\/1362\/revisions\/1670"}],"wp:attachment":[{"href":"https:\/\/www.rolling.fi\/sv\/wp-json\/wp\/v2\/media?parent=1362"}],"curies":[{"name":"wp","href":"https:\/\/api.w.org\/{rel}","templated":true}]}}