{"id":1493,"date":"2021-11-06T07:19:15","date_gmt":"2021-11-06T05:19:15","guid":{"rendered":"https:\/\/www.rolling.fi\/?page_id=1493"},"modified":"2021-11-06T07:19:15","modified_gmt":"2021-11-06T05:19:15","slug":"rolling-40-v-helena-nurmikoski","status":"publish","type":"page","link":"https:\/\/www.rolling.fi\/sv\/rolling-40-v-helena-nurmikoski\/","title":{"rendered":"Rolling 40 v &#8211; Helena Nurmikoski"},"content":{"rendered":"<h2 class=\"wp-block-heading\"><strong><span class=\"has-inline-color has-vivid-cyan-blue-color\">Helena Nurmikoski \u2013 aktiivinen rollingilainen 1992-2006<\/span><\/strong><\/h2>\n\n\n\n<p>Helenan mukaantulo Rollingiin seuraa tavanomaista polkua eli poika aloitti kilpatanssiharrastuksen 1990-luvun alussa. Helena on itse aina pit\u00e4nyt tanssista. Omat lapset kokeilivat erilaisia harrastuksia ja yksi pojista l\u00f6ysikin kokeilun j\u00e4lkeen tanssista mieleisen harrastuksen 10 vuodeksi. \u201dOlin aluksi \u00e4iti lavan reunalla, sitten johtokunnan j\u00e4sen, sitten sihteeri ja lopuksi puheenjohtaja vuosina 1999-2003. Olin my\u00f6s Suomen Tanssiurheiluliiton liittohallituksessa\u201d, kertoo Helena omasta urastaan tanssiurheilun parissa.<\/p>\n\n\n\n<div class=\"wp-block-columns is-layout-flex wp-container-core-columns-is-layout-1 wp-block-columns-is-layout-flex\">\n<div class=\"wp-block-column is-layout-flow wp-block-column-is-layout-flow\">\n<figure class=\"wp-block-image size-large is-resized\"><img loading=\"lazy\" decoding=\"async\" src=\"https:\/\/www.rolling.fi\/wp-content\/uploads\/2021\/10\/1630508005763-0467b49c-bea6-4fc8-a370-155bcda9694c.jpg\" alt=\"\" class=\"wp-image-1494\" width=\"280\" height=\"323\" srcset=\"https:\/\/www.rolling.fi\/wp-content\/uploads\/2021\/10\/1630508005763-0467b49c-bea6-4fc8-a370-155bcda9694c.jpg 842w, https:\/\/www.rolling.fi\/wp-content\/uploads\/2021\/10\/1630508005763-0467b49c-bea6-4fc8-a370-155bcda9694c-260x300.jpg 260w, https:\/\/www.rolling.fi\/wp-content\/uploads\/2021\/10\/1630508005763-0467b49c-bea6-4fc8-a370-155bcda9694c-768x886.jpg 768w, https:\/\/www.rolling.fi\/wp-content\/uploads\/2021\/10\/1630508005763-0467b49c-bea6-4fc8-a370-155bcda9694c-10x12.jpg 10w\" sizes=\"auto, (max-width: 280px) 100vw, 280px\" \/><figcaption>Puheenjohtaja Helena Nurmikoski &nbsp;vuonna 2001 Nuorisotalolla 20 v juhlailtamissa<\/figcaption><\/figure>\n<\/div>\n<\/div>\n\n\n\n<p>\u201dAloittaessani Rollingissa seuran toiminta oli hyvin pienimuotoista. Tuohon aikaan Rollingissa oli kilpatanssia sek\u00e4 lavatanssia. Seuran varsinaisia j\u00e4seni\u00e4 oli vain kolmisenkymment\u00e4, vaikka ryhm\u00e4t, esimerkiksi lavatanssiryhm\u00e4t olivat suuria, mutta tanssijat eiv\u00e4t olleet seuran j\u00e4seni\u00e4\u201d, tarkentaa Helena. Tomas Ede veti lavatanssiryhmi\u00e4 yhdess\u00e4 Kirsi Lybeckin kanssa, my\u00f6hemmin Tomasin aisapareiksi lavatanssiohjaajina tulivat Anne Lammi ja Anne-Mari Vatunen (o.s. Wahlman).<\/p>\n\n\n\n<p>Kilpailevia kilpatanssipareja oli alle 10. Kilpatanssiharjoitukset pidettiin eri kouluilla ymp\u00e4ri Vaasaa. Seuratoiminnan py\u00f6ritt\u00e4minen ja ryhmien ohjaus oli merkitt\u00e4vin talkooty\u00f6. Kilpatanssiharjoituksia ohjasi aina pidemm\u00e4ll\u00e4 olevat tanssijat ja noin 1-1,5 kk v\u00e4lein k\u00e4viv\u00e4t ammatti-valmentajat Vaasassa. Aluksi lattarivalmentajana toimi Juha \u201dLeevi\u201d Leskinen ja vakiovalmentajana Heikki Ketonen. My\u00f6hemmin seuraan tulivat my\u00f6s Minna Tanttu ja Markku Luttinen, jotka valmensivat tanssijoita useita vuosia. Tapio Elomaa aloitti vakiotanssiopettajana vuonna 2002. \u201dJossain vaiheessa seura osti pohjalaisilta entisilt\u00e4 kilpatanssijoilta viikoittain harjoitusten ohjausta, kun heit\u00e4 valmistui Oulusta. Lis\u00e4ksi Marko Hankosaari perusti PolarMilsin tiloissa tanssi-studion, jossa oli eri iltoina eri teemoilla ohjattua harjoittelua. H\u00e4nelt\u00e4 sai my\u00f6s yksityistunteja.\u201d Syyskaudella 2003 seuran ohjaaja-resursseihin liittyi tanssinopettaja-ty\u00f6harjoittelija Anna Nyberg sek\u00e4 10-tanssin opettajat Matti Heikkil\u00e4 sek\u00e4 Sanna-Maria Nissinen.<\/p>\n\n\n\n<p>Seuran omat kilpailut j\u00e4rjestettiin noin kerran vuodessa ja ne olivat Kauppaoppilaitoksella, miss\u00e4 oli muovilattiat. \u201dKunnes sitten Variska valmistui ja k\u00e4vin n\u00e4ytt\u00e4m\u00e4ss\u00e4 kilpatanssikeng\u00e4t koulun rehtorille. Kun h\u00e4n n\u00e4ki keng\u00e4t ja kerroimme kenk\u00e4tarkastuksesta, saimme luvan pit\u00e4\u00e4 kilpailut Variskalla\u201d, selvitt\u00e4\u00e4 Helena.<\/p>\n\n\n\n<p>Helenan aikana tanssiseura koki huiman kehityksen. \u201dTeimme itsekin Tomas Eden kanssa hartiavoimin t\u00f6it\u00e4 seuran eteen.\u201d Osana seuran yleisilmett\u00e4 tanssijoille hankittiin verryttelypuvut vuonna 1999. Tuolloin valmistui my\u00f6s seuran Kotisivut sek\u00e4 seuratoiminnan ABC-k\u00e4sikirja, jota jaettiin uusille tanssijoille. Yhteishenkeen panostettiin esimerkiksi j\u00e4rjest\u00e4m\u00e4ll\u00e4 kaikille seuran tanssijoille kes\u00e4inen Huvipuisto-retki Wasalandiaan sek\u00e4 seuraavana vuonna Aprillip\u00e4iv\u00e4n tilaisuus, jolloin kilpatanssijat viettiv\u00e4t yhden koko p\u00e4iv\u00e4n leikkien ja n\u00e4ytellen. Vuonna 2000 seura painatti j\u00e4senilleen ensimm\u00e4ist\u00e4 kertaa j\u00e4senkortin, mink\u00e4 tarkoituksena oli nostaa seuran imagoa ja tarjota j\u00e4senille selkeit\u00e4 etuuksia. Yhteisty\u00f6kumppaneita olivat &nbsp;mm. ravintola Waskia, Hovisep\u00e4t, kemikaalioliike Kulma sek\u00e4 Kallioj\u00e4rven viihde-keskus, jotka antoivat alennusta seuran j\u00e4senkortilla. Seura lanseerasi my\u00f6s useita uusia tanssilajeja seuran ohjelmistoon: bailatino vuonna 1999, breakdance ja bailatino-kids vuonna 2000 sek\u00e4 latinobic ja lasten tanssileikkikoulu (my\u00f6hemmin Bailatino-baby -ryhm\u00e4) vuonna 2001. Mukaan tulivat my\u00f6s h\u00e4\u00e4valssikurssit, KKI-toiminta eli Kuntotanssia Kaiken Ik\u00e4isille, sek\u00e4 erilaiset teemakurssit, kuten TanssiCocktail-ryhm\u00e4 sunnuntaisin. Aiempia Saanko luvan-kursseja kehitettiin ja lavatanssijoille perustettiin Tanssiin kutsu-lavatanssiryhm\u00e4t. Seura r\u00e4\u00e4t\u00e4l\u00f6i yrityksille my\u00f6s erilaisia kursseja, jolloin paikalla oli vain yrityksen omaa henkil\u00f6kuntaa. \u201dOlimme aina ensimm\u00e4isen\u00e4 Vaasassa tarjoamassa uutuuksia. Sit\u00e4 kautta my\u00f6s j\u00e4senm\u00e4\u00e4r\u00e4 kasvoi ja toiminta laajeni.\u201d <\/p>\n\n\n\n<div class=\"wp-block-columns is-layout-flex wp-container-core-columns-is-layout-2 wp-block-columns-is-layout-flex\">\n<div class=\"wp-block-column is-layout-flow wp-block-column-is-layout-flow\">\n<figure class=\"wp-block-image size-large\"><img loading=\"lazy\" decoding=\"async\" width=\"466\" height=\"247\" src=\"https:\/\/www.rolling.fi\/wp-content\/uploads\/2021\/10\/Rolling_Ruukinkartano-1.jpg\" alt=\"\" class=\"wp-image-1499\" srcset=\"https:\/\/www.rolling.fi\/wp-content\/uploads\/2021\/10\/Rolling_Ruukinkartano-1.jpg 466w, https:\/\/www.rolling.fi\/wp-content\/uploads\/2021\/10\/Rolling_Ruukinkartano-1-300x159.jpg 300w, https:\/\/www.rolling.fi\/wp-content\/uploads\/2021\/10\/Rolling_Ruukinkartano-1-18x10.jpg 18w\" sizes=\"auto, (max-width: 466px) 100vw, 466px\" \/><figcaption>Rollingin varainhankintaa \u2013 esiintyminen Ruukinkartanossa vuonna 1991<\/figcaption><\/figure>\n<\/div>\n<\/div>\n\n\n\n<p>Vuosituhannen vaihteessa seura piti ensimm\u00e4ist\u00e4 kertaa esittely-tilaisuuden Rewell Centeriss\u00e4. Vastaanotto oli loistava ja esittely-tilaisuuksien j\u00e4rjest\u00e4mist\u00e4 p\u00e4\u00e4tettiin jatkaa aina uuden toimintakauden alkaessa. Seura pyrki markkinoimaan toimintaansa aktiivisesti osallistumalla esimerkiksi erilaisiin toritapahtumiin, kaupungintalon h\u00e4\u00e4messuihin, kulttuuriviraston j\u00e4rjest\u00e4miin Tanssin p\u00e4iviin, Pohjanmaan suurmessuille sek\u00e4 Taiteiden y\u00f6h\u00f6n. Seuran j\u00e4senm\u00e4\u00e4r\u00e4 kasvoi, kun my\u00f6s kaikki lavatanssijat otettiin seuran j\u00e4seniksi. \u201dJ\u00e4rjestimme koko seuran j\u00e4senille yhteisi\u00e4 linja-automatkoja pohjalaisille tanssipaikoille (Svengi-jengi) &#8211; sit\u00e4 kautta saatiin yhteishenke\u00e4 ja yhteis\u00f6llisyytt\u00e4.\u201d Noina vuosina seura aloitti kev\u00e4t-juhlissa erilaisten palkintojen jakamisen tanssijoille. \u201dPalkintoja oli monenlaisia, ei vain niille, jotka menestyiv\u00e4t, vaan esimerkiksi seuran j\u00e4senet saivat \u00e4\u00e4nest\u00e4\u00e4 parhaan tsempparin.\u201d<\/p>\n\n\n\n<div class=\"wp-block-columns is-layout-flex wp-container-core-columns-is-layout-3 wp-block-columns-is-layout-flex\">\n<div class=\"wp-block-column is-layout-flow wp-block-column-is-layout-flow\">\n<figure class=\"wp-block-image size-large is-resized\"><img loading=\"lazy\" decoding=\"async\" src=\"https:\/\/www.rolling.fi\/wp-content\/uploads\/2021\/10\/Rolling_Lajin_ja_seuratoiminnan_esittely_Saanko_Luvan-1.jpg\" alt=\"\" class=\"wp-image-1500\" width=\"339\" height=\"270\" srcset=\"https:\/\/www.rolling.fi\/wp-content\/uploads\/2021\/10\/Rolling_Lajin_ja_seuratoiminnan_esittely_Saanko_Luvan-1.jpg 367w, https:\/\/www.rolling.fi\/wp-content\/uploads\/2021\/10\/Rolling_Lajin_ja_seuratoiminnan_esittely_Saanko_Luvan-1-300x240.jpg 300w, https:\/\/www.rolling.fi\/wp-content\/uploads\/2021\/10\/Rolling_Lajin_ja_seuratoiminnan_esittely_Saanko_Luvan-1-15x12.jpg 15w\" sizes=\"auto, (max-width: 339px) 100vw, 339px\" \/><figcaption>Rolling seuratoiminnan esittely Rewell Centeriss\u00e4 vuonna 2000 \u2013 Saanko luvan-kurssi<\/figcaption><\/figure>\n<\/div>\n\n\n\n<div class=\"wp-block-column is-layout-flow wp-block-column-is-layout-flow\">\n<figure class=\"wp-block-image size-large is-resized\"><img loading=\"lazy\" decoding=\"async\" src=\"https:\/\/www.rolling.fi\/wp-content\/uploads\/2021\/10\/Rolling_Lajin_ja_seuratoiminnan_esittely_Bailatino-1.jpg\" alt=\"\" class=\"wp-image-1501\" width=\"354\" height=\"201\" srcset=\"https:\/\/www.rolling.fi\/wp-content\/uploads\/2021\/10\/Rolling_Lajin_ja_seuratoiminnan_esittely_Bailatino-1.jpg 427w, https:\/\/www.rolling.fi\/wp-content\/uploads\/2021\/10\/Rolling_Lajin_ja_seuratoiminnan_esittely_Bailatino-1-300x171.jpg 300w, https:\/\/www.rolling.fi\/wp-content\/uploads\/2021\/10\/Rolling_Lajin_ja_seuratoiminnan_esittely_Bailatino-1-18x10.jpg 18w\" sizes=\"auto, (max-width: 354px) 100vw, 354px\" \/><figcaption>Rolling seuratoiminnan esittely Rewell Centeriss\u00e4 vuonna 2000 \u2013 Bailatino-kurssi<\/figcaption><\/figure>\n<\/div>\n<\/div>\n\n\n\n<p>Syksyll\u00e4 2001 seura juhlisti 20-vuotistaivaltaan kahdella erityylisell\u00e4 tilaisuudella. Kilpatanssijoiden juhlinta toteutettiin laadukkailla ja tavallisuudesta poikkeavilla kilpailuilla Variskalla marraskuun 17 p\u00e4iv\u00e4n\u00e4 2001. Kilpailujen puitteet rakennettiin todella upeiksi v\u00e4rivaloineen ja monenlaisine koristeluineen. T\u00e4m\u00e4n lis\u00e4ksi seura j\u00e4rjesti syntym\u00e4p\u00e4iv\u00e4ns\u00e4 kunniaksi tanssilliset iltamat kaupungin Nuorisotalolla 29.9.2001 kutsuvierastilaisuutena. Tilaisuuteen kutsuttiin kaikki henkil\u00f6t ja tahot, jotka olivat vaikuttaneet seuran toimintaan. Tilaisuuden ohjelmasta vastasivat kaikkien harrastaja-ryhmien tanssijat omilla esiintymisnumeroillaan. Puheenjohtaja Helena piti tilaisuudessa juhlapuheen. \u201dT\u00e4m\u00e4 p\u00e4iv\u00e4 on mahdollinen niiden tanssinhaluisten ihmisten ansiosta, jotka kokosivat voimansa yhteen ja perustivat Tanssiurheiluseura Rollingin 20 vuotta sitten. Kun 20-vuotias Tanssiurheiluseura Rolling k\u00e4ynnisti t\u00e4m\u00e4n syksyn ryhm\u00e4t, oli seuralla tarjolla 14 erilaista tanssillista ryhm\u00e4\u00e4 kaiken ik\u00e4isille ja kokoisille, eli jokaiselle jotain! T\u00e4m\u00e4 kaikki on mahdollista vain ihanien aktiivisten seuralaisten yhteisty\u00f6ll\u00e4. Hyvi\u00e4 yhteisty\u00f6-kumppaneita ja seuran kotikaupunkia unohtamatta.\u201d Iltamat onnistuivat loistavasti.<\/p>\n\n\n\n<div class=\"wp-block-columns is-layout-flex wp-container-core-columns-is-layout-4 wp-block-columns-is-layout-flex\">\n<div class=\"wp-block-column is-layout-flow wp-block-column-is-layout-flow\">\n<figure class=\"wp-block-image size-large is-resized\"><img loading=\"lazy\" decoding=\"async\" src=\"https:\/\/www.rolling.fi\/wp-content\/uploads\/2021\/10\/111.jpg\" alt=\"\" class=\"wp-image-1504\" width=\"611\" height=\"436\" srcset=\"https:\/\/www.rolling.fi\/wp-content\/uploads\/2021\/10\/111.jpg 560w, https:\/\/www.rolling.fi\/wp-content\/uploads\/2021\/10\/111-300x214.jpg 300w, https:\/\/www.rolling.fi\/wp-content\/uploads\/2021\/10\/111-18x12.jpg 18w\" sizes=\"auto, (max-width: 611px) 100vw, 611px\" \/><figcaption>Rolling 20 vuotta vuonna 2001<\/figcaption><\/figure>\n<\/div>\n<\/div>\n\n\n\n<p>Syksyll\u00e4 2001 seuran johtokunta teki p\u00e4\u00e4t\u00f6ksen oman tanssisalin hankkimisesta. Vuokrasopimus Varastokadun noin 180 m2 salista allekirjoitettiin marraskuun 2001 alusta lukien. Vaikka sali sin\u00e4ll\u00e4\u00e4n oli peruskunnossa, oli lajin kannalta aivan v\u00e4ltt\u00e4m\u00e4t\u00f6nt\u00e4 rakentaa kokonaan uusi lattia. \u201dT\u00e4h\u00e4n saimme yhteisty\u00f6kumppaneiksi vaasalaisia rakennusliikkeit\u00e4, jotka lahjoittivat lattian rakennus-materiaalit.\u201d Marraskuussa k\u00e4ynnistettiin salin kunnostusremontti, jonka yhteydess\u00e4 sein\u00e4t maalattiin sek\u00e4 kattoon kiinnitettiin maalattuja kennoja parantamaan akustiikkaa. My\u00f6s laitehankinnat ja salin kalustaminen oli taloudellisesti haasteellista, mutta t\u00e4ss\u00e4 onnistuttiin. Tanssijoiden k\u00e4ytt\u00f6\u00f6n uusi sali otettiin vuoden 2002 alusta. Salin yll\u00e4pito p\u00e4\u00e4tettiin j\u00e4rjest\u00e4\u00e4 talkoovoimin. Salin viihtyvyytt\u00e4 lis\u00e4ttiin hankkimalla verhoja ja tauluja sek\u00e4 valoa ja l\u00e4mp\u00f6\u00e4 l\u00e4p\u00e4isem\u00e4tt\u00f6m\u00e4t rullaverhot. &nbsp;Vuonna 2003 toiminnan laajuuden vuoksi p\u00e4\u00e4tettiin vuokrata lis\u00e4ksi toinen pienempi harjoitussali edellisen vierest\u00e4 samasta kiinteist\u00f6st\u00e4.<\/p>\n\n\n\n<p>Vuoden 2003 kev\u00e4tjuhlassa otettiin uusi k\u00e4yt\u00e4nt\u00f6, jossa kilpailevien parien kauden taitoluokkanousut palkitaan aina kev\u00e4tjuhlassa Hovisepilt\u00e4 hankitulla laatalla. Laatan koko suurenee luokkien mukaan. Ensimm\u00e4isell\u00e4 kerralla palkittavia olikin 14 paria, sill\u00e4 ensimm\u00e4iset laatat p\u00e4\u00e4tettiin jakaa takautuvasti.<\/p>\n\n\n\n<div class=\"wp-block-columns is-layout-flex wp-container-core-columns-is-layout-5 wp-block-columns-is-layout-flex\">\n<div class=\"wp-block-column is-layout-flow wp-block-column-is-layout-flow\">\n<figure class=\"wp-block-image size-large is-resized\"><img loading=\"lazy\" decoding=\"async\" src=\"https:\/\/www.rolling.fi\/wp-content\/uploads\/2021\/10\/Picture6.jpg\" alt=\"\" class=\"wp-image-1502\" width=\"343\" height=\"190\" srcset=\"https:\/\/www.rolling.fi\/wp-content\/uploads\/2021\/10\/Picture6.jpg 366w, https:\/\/www.rolling.fi\/wp-content\/uploads\/2021\/10\/Picture6-300x166.jpg 300w, https:\/\/www.rolling.fi\/wp-content\/uploads\/2021\/10\/Picture6-18x10.jpg 18w\" sizes=\"auto, (max-width: 343px) 100vw, 343px\" \/><figcaption>Rollingin ensimm\u00e4inen j\u00e4senkortti vuonna 2000<\/figcaption><\/figure>\n<\/div>\n\n\n\n<div class=\"wp-block-column is-layout-flow wp-block-column-is-layout-flow\">\n<figure class=\"wp-block-image size-large is-resized\"><img loading=\"lazy\" decoding=\"async\" src=\"https:\/\/www.rolling.fi\/wp-content\/uploads\/2021\/10\/Laatta-_A.jpg\" alt=\"\" class=\"wp-image-1503\" width=\"229\" height=\"304\" srcset=\"https:\/\/www.rolling.fi\/wp-content\/uploads\/2021\/10\/Laatta-_A.jpg 356w, https:\/\/www.rolling.fi\/wp-content\/uploads\/2021\/10\/Laatta-_A-225x300.jpg 225w, https:\/\/www.rolling.fi\/wp-content\/uploads\/2021\/10\/Laatta-_A-9x12.jpg 9w\" sizes=\"auto, (max-width: 229px) 100vw, 229px\" \/><figcaption>Vuonna 2003 lanseerattiin kilpatanssijoiden nousulaatat<\/figcaption><\/figure>\n<\/div>\n<\/div>\n\n\n\n<p>Harrastajam\u00e4\u00e4rien kasvattamiseksi sek\u00e4 erityisesti lasten saamiseksi tanssiharrastuksen piiriin panostettiin l\u00e4hestym\u00e4ll\u00e4 potentiaalisia harrastajia. Kaikille ala-asteen liikunnanopettajille postitettiin lajista kertova kirje, jossa tarjouduttiin esittelem\u00e4\u00e4n lajia. Syyskaudella 2003 organisoitiin Vaasan kaupungin ala-asteille Anna Nybergin vet\u00e4m\u00e4 tanssiopetuskiertue, jossa mukana oli seuran kilpailevista pareista kohderyhm\u00e4n ik\u00e4isi\u00e4 lapsia.<\/p>\n\n\n\n<p>Helena nimitettiin seuran kunniaj\u00e4seneksi vuonna 2003 ja vuonna 2006 h\u00e4nelle my\u00f6nnettiin Suomen Tanssiurheiluliiton pronssinen kunniamerkki seuran 25-vuotisjuhlissa. \u201dSeuran kehitys oli huima. Kun aloitin, oli seura todella pieni. Kun lopetin, oli seura Suomen kolmanneksi suurin j\u00e4senm\u00e4\u00e4r\u00e4lt\u00e4\u00e4n. Seuralla oli kaksi omaa salia ja talous oli kunnossa. Seuratoiminta oli rakasta, mielek\u00e4st\u00e4 ja antoisaa. Ja vei todella paljon aikaani. Parasta Rollingissa oli yhteis\u00f6llisyys &#8211; me olimme iso Rollingin perhe\u201d, p\u00e4\u00e4tt\u00e4\u00e4 Helena.<\/p>\n\n\n\n<div class=\"wp-block-columns is-layout-flex wp-container-core-columns-is-layout-6 wp-block-columns-is-layout-flex\">\n<div class=\"wp-block-column is-layout-flow wp-block-column-is-layout-flow\">\n<figure class=\"wp-block-image size-large\"><img loading=\"lazy\" decoding=\"async\" width=\"499\" height=\"306\" src=\"https:\/\/www.rolling.fi\/wp-content\/uploads\/2021\/10\/Rolling_kilpailujen_toimihenkilot.jpg\" alt=\"\" class=\"wp-image-1505\" srcset=\"https:\/\/www.rolling.fi\/wp-content\/uploads\/2021\/10\/Rolling_kilpailujen_toimihenkilot.jpg 499w, https:\/\/www.rolling.fi\/wp-content\/uploads\/2021\/10\/Rolling_kilpailujen_toimihenkilot-300x184.jpg 300w, https:\/\/www.rolling.fi\/wp-content\/uploads\/2021\/10\/Rolling_kilpailujen_toimihenkilot-18x12.jpg 18w\" sizes=\"auto, (max-width: 499px) 100vw, 499px\" \/><figcaption>Rollingin juhlakisat Variskalla vuonna 2001 \u2013 toimihenkil\u00f6t &#8211; Helena Nurmikoski toinen oikealta<\/figcaption><\/figure>\n<\/div>\n<\/div>\n\n\n\n<p><\/p>","protected":false},"excerpt":{"rendered":"<p>Helena Nurmikoski \u2013 aktiivinen rollingilainen 1992-2006 Helenan mukaantulo Rollingiin seuraa tavanomaista polkua eli poika aloitti kilpatanssiharrastuksen 1990-luvun alussa. Helena on itse aina pit\u00e4nyt tanssista. Omat lapset kokeilivat erilaisia harrastuksia ja yksi pojista l\u00f6ysikin kokeilun j\u00e4lkeen tanssista mieleisen harrastuksen 10 vuodeksi. \u201dOlin aluksi \u00e4iti lavan reunalla, sitten johtokunnan j\u00e4sen, sitten sihteeri ja lopuksi puheenjohtaja vuosina 1999-2003. &hellip; <\/p>\n<p class=\"link-more\"><a href=\"https:\/\/www.rolling.fi\/sv\/rolling-40-v-helena-nurmikoski\/\" class=\"more-link\">Forts\u00e4tt l\u00e4sa<span class=\"screen-reader-text\"> \u201dRolling 40 v &#8211; Helena Nurmikoski\u201d<\/span><\/a><\/p>","protected":false},"author":20,"featured_media":0,"parent":0,"menu_order":0,"comment_status":"closed","ping_status":"closed","template":"","meta":{"footnotes":""},"class_list":["post-1493","page","type-page","status-publish","hentry"],"_links":{"self":[{"href":"https:\/\/www.rolling.fi\/sv\/wp-json\/wp\/v2\/pages\/1493","targetHints":{"allow":["GET"]}}],"collection":[{"href":"https:\/\/www.rolling.fi\/sv\/wp-json\/wp\/v2\/pages"}],"about":[{"href":"https:\/\/www.rolling.fi\/sv\/wp-json\/wp\/v2\/types\/page"}],"author":[{"embeddable":true,"href":"https:\/\/www.rolling.fi\/sv\/wp-json\/wp\/v2\/users\/20"}],"replies":[{"embeddable":true,"href":"https:\/\/www.rolling.fi\/sv\/wp-json\/wp\/v2\/comments?post=1493"}],"version-history":[{"count":18,"href":"https:\/\/www.rolling.fi\/sv\/wp-json\/wp\/v2\/pages\/1493\/revisions"}],"predecessor-version":[{"id":1605,"href":"https:\/\/www.rolling.fi\/sv\/wp-json\/wp\/v2\/pages\/1493\/revisions\/1605"}],"wp:attachment":[{"href":"https:\/\/www.rolling.fi\/sv\/wp-json\/wp\/v2\/media?parent=1493"}],"curies":[{"name":"wp","href":"https:\/\/api.w.org\/{rel}","templated":true}]}}