{"id":2779,"date":"2024-06-24T14:42:58","date_gmt":"2024-06-24T11:42:58","guid":{"rendered":"https:\/\/www.rolling.fi\/?page_id=2779"},"modified":"2024-07-18T19:00:47","modified_gmt":"2024-07-18T16:00:47","slug":"katja-vertanen","status":"publish","type":"page","link":"https:\/\/www.rolling.fi\/sv\/katja-vertanen\/","title":{"rendered":"Katja Vertanen"},"content":{"rendered":"<p>Katja on harrastanut it\u00e4maista tanssia jo 20 vuoden ajan. H\u00e4nell\u00e4 on my\u00f6s pitk\u00e4 kokemus it\u00e4maisen tanssin ohjaajana Vaasassa.  <\/p>","protected":false},"excerpt":{"rendered":"<p>Katja on harrastanut it\u00e4maista tanssia jo 20 vuoden ajan. H\u00e4nell\u00e4 on my\u00f6s pitk\u00e4 kokemus it\u00e4maisen tanssin ohjaajana Vaasassa.<\/p>","protected":false},"author":20,"featured_media":0,"parent":0,"menu_order":0,"comment_status":"closed","ping_status":"closed","template":"","meta":{"footnotes":""},"class_list":["post-2779","page","type-page","status-publish","hentry"],"_links":{"self":[{"href":"https:\/\/www.rolling.fi\/sv\/wp-json\/wp\/v2\/pages\/2779","targetHints":{"allow":["GET"]}}],"collection":[{"href":"https:\/\/www.rolling.fi\/sv\/wp-json\/wp\/v2\/pages"}],"about":[{"href":"https:\/\/www.rolling.fi\/sv\/wp-json\/wp\/v2\/types\/page"}],"author":[{"embeddable":true,"href":"https:\/\/www.rolling.fi\/sv\/wp-json\/wp\/v2\/users\/20"}],"replies":[{"embeddable":true,"href":"https:\/\/www.rolling.fi\/sv\/wp-json\/wp\/v2\/comments?post=2779"}],"version-history":[{"count":2,"href":"https:\/\/www.rolling.fi\/sv\/wp-json\/wp\/v2\/pages\/2779\/revisions"}],"predecessor-version":[{"id":2802,"href":"https:\/\/www.rolling.fi\/sv\/wp-json\/wp\/v2\/pages\/2779\/revisions\/2802"}],"wp:attachment":[{"href":"https:\/\/www.rolling.fi\/sv\/wp-json\/wp\/v2\/media?parent=2779"}],"curies":[{"name":"wp","href":"https:\/\/api.w.org\/{rel}","templated":true}]}}