{"id":3197,"date":"2025-11-16T10:45:57","date_gmt":"2025-11-16T08:45:57","guid":{"rendered":"https:\/\/www.rolling.fi\/?page_id=3197"},"modified":"2025-11-16T11:11:07","modified_gmt":"2025-11-16T09:11:07","slug":"salien-vuokraus","status":"publish","type":"page","link":"https:\/\/www.rolling.fi\/sv\/salien-vuokraus\/","title":{"rendered":"Salien vuokraus"},"content":{"rendered":"<p>TARVITSETKO PEILISALIA?<\/p>\n\n\n\n<p>ROLLINGilla vuokrattavissa kaksi peilisalia aivan Vaasan keskustan l\u00e4heisyydess\u00e4 (Varastokatu 7). Salit soveltuvat loistavasti erilaisiin tanssiharrastuksiin, tyky-toimintaan, joogaan\u2026<\/p>\n\n\n\n<p>Salissa 1 (n. 185 neli\u00f6t\u00e4) on pukuhuone+wc+keitti\u00f6 ja Salissa 2 (n. 200 neli\u00f6t\u00e4) on kaksi pukuhuonetta+vessat ja yksi suihku.<\/p>\n\n\n\n<p>Saleissa on peilit ja balettitangot, musiikkia varten laitteisto, videon\u00e4yt\u00f6t ja mahdollisuus k\u00e4ytt\u00e4\u00e4 p\u00f6yti\u00e4 ja tuoleja. HALUATKO VUOKRATA? Ota yhteytt\u00e4 s\u00e4hk\u00f6postilla tai puhelimitse! <\/p>\n\n\n\n<div class=\"wp-block-group is-vertical is-layout-flex wp-container-core-group-is-layout-1 wp-block-group-is-layout-flex\">\n<p>Yhteydenotot:<\/p>\n\n\n\n<p>Vesa Karhunen 0400 801247 wesku.karhunen@gmail.com<\/p>\n\n\n\n<p>Sari Neulaniemi  040 7411999  sari.neulaniemi@netikka.fi<\/p>\n<\/div>\n\n\n\n<p><\/p>\n\n\n\n<figure class=\"wp-block-image size-large is-resized\"><img decoding=\"async\" src=\"https:\/\/www.rolling.fi\/wp-content\/uploads\/2025\/11\/Rolling_sali1-1024x684.jpg\" alt=\"\" class=\"wp-image-3194\" style=\"width:674px\"\/><\/figure>\n\n\n\n<figure class=\"wp-block-image size-full is-resized\"><img loading=\"lazy\" decoding=\"async\" width=\"590\" height=\"394\" src=\"https:\/\/www.rolling.fi\/wp-content\/uploads\/2025\/11\/Rolling_sali2.jpg\" alt=\"\" class=\"wp-image-3195\" style=\"width:674px;height:auto\" srcset=\"https:\/\/www.rolling.fi\/wp-content\/uploads\/2025\/11\/Rolling_sali2.jpg 590w, https:\/\/www.rolling.fi\/wp-content\/uploads\/2025\/11\/Rolling_sali2-300x200.jpg 300w, https:\/\/www.rolling.fi\/wp-content\/uploads\/2025\/11\/Rolling_sali2-18x12.jpg 18w\" sizes=\"auto, (max-width: 590px) 100vw, 590px\" \/><\/figure>\n\n\n\n<figure class=\"wp-block-image size-large is-resized\"><img loading=\"lazy\" decoding=\"async\" width=\"1024\" height=\"524\" src=\"https:\/\/www.rolling.fi\/wp-content\/uploads\/2022\/05\/Rolling-opaste1-1024x524.jpg\" alt=\"\" class=\"wp-image-2347\" style=\"width:674px\" srcset=\"https:\/\/www.rolling.fi\/wp-content\/uploads\/2022\/05\/Rolling-opaste1-1024x524.jpg 1024w, https:\/\/www.rolling.fi\/wp-content\/uploads\/2022\/05\/Rolling-opaste1-300x154.jpg 300w, https:\/\/www.rolling.fi\/wp-content\/uploads\/2022\/05\/Rolling-opaste1-768x393.jpg 768w, https:\/\/www.rolling.fi\/wp-content\/uploads\/2022\/05\/Rolling-opaste1-18x9.jpg 18w, https:\/\/www.rolling.fi\/wp-content\/uploads\/2022\/05\/Rolling-opaste1.jpg 1133w\" sizes=\"auto, (max-width: 767px) 89vw, (max-width: 1000px) 54vw, (max-width: 1071px) 543px, 580px\" \/><\/figure>","protected":false},"excerpt":{"rendered":"<p>TARVITSETKO PEILISALIA? ROLLINGilla vuokrattavissa kaksi peilisalia aivan Vaasan keskustan l\u00e4heisyydess\u00e4 (Varastokatu 7). Salit soveltuvat loistavasti erilaisiin tanssiharrastuksiin, tyky-toimintaan, joogaan\u2026 Salissa 1 (n. 185 neli\u00f6t\u00e4) on pukuhuone+wc+keitti\u00f6 ja Salissa 2 (n. 200 neli\u00f6t\u00e4) on kaksi pukuhuonetta+vessat ja yksi suihku. Saleissa on peilit ja balettitangot, musiikkia varten laitteisto, videon\u00e4yt\u00f6t ja mahdollisuus k\u00e4ytt\u00e4\u00e4 p\u00f6yti\u00e4 ja tuoleja. HALUATKO VUOKRATA? &hellip; <\/p>\n<p class=\"link-more\"><a href=\"https:\/\/www.rolling.fi\/sv\/salien-vuokraus\/\" class=\"more-link\">Forts\u00e4tt l\u00e4sa<span class=\"screen-reader-text\"> \u201dSalien vuokraus\u201d<\/span><\/a><\/p>","protected":false},"author":21,"featured_media":0,"parent":0,"menu_order":0,"comment_status":"closed","ping_status":"closed","template":"","meta":{"footnotes":""},"class_list":["post-3197","page","type-page","status-publish","hentry"],"_links":{"self":[{"href":"https:\/\/www.rolling.fi\/sv\/wp-json\/wp\/v2\/pages\/3197","targetHints":{"allow":["GET"]}}],"collection":[{"href":"https:\/\/www.rolling.fi\/sv\/wp-json\/wp\/v2\/pages"}],"about":[{"href":"https:\/\/www.rolling.fi\/sv\/wp-json\/wp\/v2\/types\/page"}],"author":[{"embeddable":true,"href":"https:\/\/www.rolling.fi\/sv\/wp-json\/wp\/v2\/users\/21"}],"replies":[{"embeddable":true,"href":"https:\/\/www.rolling.fi\/sv\/wp-json\/wp\/v2\/comments?post=3197"}],"version-history":[{"count":7,"href":"https:\/\/www.rolling.fi\/sv\/wp-json\/wp\/v2\/pages\/3197\/revisions"}],"predecessor-version":[{"id":3205,"href":"https:\/\/www.rolling.fi\/sv\/wp-json\/wp\/v2\/pages\/3197\/revisions\/3205"}],"wp:attachment":[{"href":"https:\/\/www.rolling.fi\/sv\/wp-json\/wp\/v2\/media?parent=3197"}],"curies":[{"name":"wp","href":"https:\/\/api.w.org\/{rel}","templated":true}]}}