{"id":3277,"date":"2026-03-18T15:00:46","date_gmt":"2026-03-18T13:00:46","guid":{"rendered":"https:\/\/www.rolling.fi\/?page_id=3277"},"modified":"2026-03-18T15:00:46","modified_gmt":"2026-03-18T13:00:46","slug":"tanssin-workshop","status":"publish","type":"page","link":"https:\/\/www.rolling.fi\/sv\/tanssin-workshop\/","title":{"rendered":"Tanssin Workshop"},"content":{"rendered":"<p>Upean Kastanja Rauhalan workshopit tulevat kes\u00e4ll\u00e4 Vaasaan!&nbsp;<img loading=\"lazy\" decoding=\"async\" height=\"16\" width=\"16\" alt=\"\ud83d\udd25\" src=\"https:\/\/ci3.googleusercontent.com\/meips\/ADKq_NbUGugvM9dWUm2czXiltWtZIT0pPafb8LA3oC6pdtGgC8EzIXbCHBKt9aq4usjT-nc_20KmKAko2YM8uzAx3K8H2oe96e2aDh5Gal70DdCI0MGtN5pTpPA=s0-d-e1-ft#https:\/\/static.xx.fbcdn.net\/images\/emoji.php\/v9\/t50\/1\/16\/1f525.png\"><\/p>\n\n\n\n<p>TTK:sta tutuksi tullut tanssinopettaja on menestynyt kilpatanssija, joka on edustanut kilpauransa aikana Suomen maajoukkuetta ja meritoitunut kilpatanssissa ulkomailla sek\u00e4 kotimaassa.<\/p>\n\n\n\n<p>Kastanjan opetus on m\u00e4\u00e4r\u00e4tietoista ja tunneilla keskityt\u00e4\u00e4n tanssin elementteihin ja tunnetilaan, hyv\u00e4\u00e4 fiilist\u00e4 unohtamatta!&nbsp;<img loading=\"lazy\" decoding=\"async\" height=\"16\" width=\"16\" alt=\"\ud83d\udc83\" src=\"https:\/\/ci3.googleusercontent.com\/meips\/ADKq_NYT9yQy8qRJnQXXtX7yw_Rx83TLMzrbVR6nPOZtTy0yLGNwvjzupLuX2vSRF7T0qQQUywTEP3T5JivDAkjdXhXAvP7-R5NvD77xChwdFibgeoZq4CtGozk=s0-d-e1-ft#https:\/\/static.xx.fbcdn.net\/images\/emoji.php\/v9\/tc7\/1\/16\/1f483.png\"><\/p>\n\n\n\n<p>Paikkoja on rajoitetusti. Ilmoittaudu jo nyt mukaan elokuun mahtavaan tanssitapahtumaan!&nbsp;<img loading=\"lazy\" decoding=\"async\" height=\"16\" width=\"16\" alt=\"\ud83d\ude0d\" src=\"https:\/\/ci3.googleusercontent.com\/meips\/ADKq_NbWtFxgIXmQpj1UwWPAs68GiIpVIh9_CJJCrRQOO3X5GDmJvtCZm-AiomfsDWqsbOgVdrWfX1LhUlTjiAyE_DhnxUknAoboue9qrwyn89P9gbTSyQvtBw=s0-d-e1-ft#https:\/\/static.xx.fbcdn.net\/images\/emoji.php\/v9\/t2\/1\/16\/1f60d.png\"><\/p>\n\n\n\n<p>Lis\u00e4tiedot ja paikkavaraukset: 0509119891 \/ Raili<\/p>\n\n\n\n<figure class=\"wp-block-image size-full\"><img loading=\"lazy\" decoding=\"async\" width=\"512\" height=\"640\" src=\"https:\/\/www.rolling.fi\/wp-content\/uploads\/2026\/03\/653092453_18566838016052822_3006336167570095191_n.jpg\" alt=\"\" class=\"wp-image-3276\" srcset=\"https:\/\/www.rolling.fi\/wp-content\/uploads\/2026\/03\/653092453_18566838016052822_3006336167570095191_n.jpg 512w, https:\/\/www.rolling.fi\/wp-content\/uploads\/2026\/03\/653092453_18566838016052822_3006336167570095191_n-240x300.jpg 240w, https:\/\/www.rolling.fi\/wp-content\/uploads\/2026\/03\/653092453_18566838016052822_3006336167570095191_n-10x12.jpg 10w\" sizes=\"auto, (max-width: 512px) 100vw, 512px\" \/><\/figure>","protected":false},"excerpt":{"rendered":"<p>Upean Kastanja Rauhalan workshopit tulevat kes\u00e4ll\u00e4 Vaasaan!&nbsp; TTK:sta tutuksi tullut tanssinopettaja on menestynyt kilpatanssija, joka on edustanut kilpauransa aikana Suomen maajoukkuetta ja meritoitunut kilpatanssissa ulkomailla sek\u00e4 kotimaassa. Kastanjan opetus on m\u00e4\u00e4r\u00e4tietoista ja tunneilla keskityt\u00e4\u00e4n tanssin elementteihin ja tunnetilaan, hyv\u00e4\u00e4 fiilist\u00e4 unohtamatta!&nbsp; Paikkoja on rajoitetusti. Ilmoittaudu jo nyt mukaan elokuun mahtavaan tanssitapahtumaan!&nbsp; Lis\u00e4tiedot ja paikkavaraukset: 0509119891 &hellip; <\/p>\n<p class=\"link-more\"><a href=\"https:\/\/www.rolling.fi\/sv\/tanssin-workshop\/\" class=\"more-link\">Forts\u00e4tt l\u00e4sa<span class=\"screen-reader-text\"> \u201dTanssin Workshop\u201d<\/span><\/a><\/p>","protected":false},"author":21,"featured_media":0,"parent":0,"menu_order":0,"comment_status":"closed","ping_status":"closed","template":"","meta":{"footnotes":""},"class_list":["post-3277","page","type-page","status-publish","hentry"],"_links":{"self":[{"href":"https:\/\/www.rolling.fi\/sv\/wp-json\/wp\/v2\/pages\/3277","targetHints":{"allow":["GET"]}}],"collection":[{"href":"https:\/\/www.rolling.fi\/sv\/wp-json\/wp\/v2\/pages"}],"about":[{"href":"https:\/\/www.rolling.fi\/sv\/wp-json\/wp\/v2\/types\/page"}],"author":[{"embeddable":true,"href":"https:\/\/www.rolling.fi\/sv\/wp-json\/wp\/v2\/users\/21"}],"replies":[{"embeddable":true,"href":"https:\/\/www.rolling.fi\/sv\/wp-json\/wp\/v2\/comments?post=3277"}],"version-history":[{"count":1,"href":"https:\/\/www.rolling.fi\/sv\/wp-json\/wp\/v2\/pages\/3277\/revisions"}],"predecessor-version":[{"id":3278,"href":"https:\/\/www.rolling.fi\/sv\/wp-json\/wp\/v2\/pages\/3277\/revisions\/3278"}],"wp:attachment":[{"href":"https:\/\/www.rolling.fi\/sv\/wp-json\/wp\/v2\/media?parent=3277"}],"curies":[{"name":"wp","href":"https:\/\/api.w.org\/{rel}","templated":true}]}}