{"id":3286,"date":"2026-03-23T15:10:11","date_gmt":"2026-03-23T13:10:11","guid":{"rendered":"https:\/\/www.rolling.fi\/?page_id=3286"},"modified":"2026-03-23T15:10:11","modified_gmt":"2026-03-23T13:10:11","slug":"mainostilaa","status":"publish","type":"page","link":"https:\/\/www.rolling.fi\/sv\/mainostilaa\/","title":{"rendered":"Mainostilaa"},"content":{"rendered":"<p>Kaipaatko n\u00e4kyvyytt\u00e4?<\/p>\n\n\n\n<p><strong>Hyv\u00e4 Yhteisty\u00f6kumppani,<\/strong><br><br>Tanssiurheiluseura Rolling ry on yksi johtavista tanssikeskuksista Vaasassa. Tarjoamme laadukasta tanssiopetusta suurelle joukolle tanssin harrastajille. Tarjolla on kausiluontoista toimintaa, erilaisia valmennusp\u00e4ivi\u00e4 ja leirej\u00e4, sek\u00e4 lyhyempi\u00e4 kursseja.<br>Toimintamme tarjoaa tekemist\u00e4 niin lapsille kuin varttuneemmallekin harrastajalle. Salejamme my\u00f6s vuokrataan ulkopuolisille tahoille.<br><br>Voimme tarjota teille n\u00e4kyvyytt\u00e4 tanssisalien seinille laitettavalla yrityksenne mainoksella \/ logolla, nettisivuillamme ja sosiaalisessa mediassa. Voimme my\u00f6s suunnitella yrityksellenne TYKY-p\u00e4iv\u00e4n tanssitapahtuman.<br><br><strong>Salien sein\u00e4tilojen mainosten hinnoittelu: (5mm kevytlevy, koko 1200 x 500mm)<br>1. Yksi vuosi 400\u20ac + mainosmateriaalien tekokulut (170 \u20ac (alv 0 %) ja 213,35 (alv 25,5 %).<br>2. Kaksi vuotta 700\u20ac+ mainosmateriaalien tekokulut<br>3. Nettisivujen mainos 150 \u20ac per logo per vuosi.<br>4. X \u20ac Ei n\u00e4kyvyytt\u00e4<\/strong><br><br>Lis\u00e4tietoja TYKY-p\u00e4iv\u00e4st\u00e4 tai muista mielt\u00e4 askarruttavista asioista saa kysy\u00e4 suoraan:<br><br><strong>Hallituksen puheenjohtaja<\/strong>:<br>Vesa Karhunen, 0400 801247    wesku.karhunen@gmail.com   <br><br><strong>Varapuheenjohtaja<\/strong>:<br>Ari Hinttu, 050 397 3711    ari.hinttu@gmail.com    <br><\/p>\n\n\n\n<p><strong>Seurasihteeri<\/strong>:<br>Sari Neulaniemi, 040 7411999    sari.neulaniemi@netikka.fi  <br><br>Kiitt\u00e4en ja yhteisty\u00f6t\u00e4 odottaen,<\/p>\n\n\n\n<p><\/p>\n\n\n\n<figure class=\"wp-block-image size-large is-resized\"><img decoding=\"async\" src=\"https:\/\/www.rolling.fi\/wp-content\/uploads\/2025\/11\/Rolling_sali1-1024x684.jpg\" alt=\"\" class=\"wp-image-3194\" style=\"width:674px\"\/><\/figure>\n\n\n\n<figure class=\"wp-block-image size-full is-resized\"><img loading=\"lazy\" decoding=\"async\" width=\"590\" height=\"394\" src=\"https:\/\/www.rolling.fi\/wp-content\/uploads\/2025\/11\/Rolling_sali2.jpg\" alt=\"\" class=\"wp-image-3195\" style=\"width:674px;height:auto\" srcset=\"https:\/\/www.rolling.fi\/wp-content\/uploads\/2025\/11\/Rolling_sali2.jpg 590w, https:\/\/www.rolling.fi\/wp-content\/uploads\/2025\/11\/Rolling_sali2-300x200.jpg 300w, https:\/\/www.rolling.fi\/wp-content\/uploads\/2025\/11\/Rolling_sali2-18x12.jpg 18w\" sizes=\"auto, (max-width: 590px) 100vw, 590px\" \/><\/figure>","protected":false},"excerpt":{"rendered":"<p>Kaipaatko n\u00e4kyvyytt\u00e4? Hyv\u00e4 Yhteisty\u00f6kumppani, Tanssiurheiluseura Rolling ry on yksi johtavista tanssikeskuksista Vaasassa. Tarjoamme laadukasta tanssiopetusta suurelle joukolle tanssin harrastajille. Tarjolla on kausiluontoista toimintaa, erilaisia valmennusp\u00e4ivi\u00e4 ja leirej\u00e4, sek\u00e4 lyhyempi\u00e4 kursseja.Toimintamme tarjoaa tekemist\u00e4 niin lapsille kuin varttuneemmallekin harrastajalle. Salejamme my\u00f6s vuokrataan ulkopuolisille tahoille. Voimme tarjota teille n\u00e4kyvyytt\u00e4 tanssisalien seinille laitettavalla yrityksenne mainoksella \/ logolla, nettisivuillamme ja &hellip; <\/p>\n<p class=\"link-more\"><a href=\"https:\/\/www.rolling.fi\/sv\/mainostilaa\/\" class=\"more-link\">Forts\u00e4tt l\u00e4sa<span class=\"screen-reader-text\"> \u201dMainostilaa\u201d<\/span><\/a><\/p>","protected":false},"author":21,"featured_media":0,"parent":0,"menu_order":0,"comment_status":"closed","ping_status":"closed","template":"","meta":{"footnotes":""},"class_list":["post-3286","page","type-page","status-publish","hentry"],"_links":{"self":[{"href":"https:\/\/www.rolling.fi\/sv\/wp-json\/wp\/v2\/pages\/3286","targetHints":{"allow":["GET"]}}],"collection":[{"href":"https:\/\/www.rolling.fi\/sv\/wp-json\/wp\/v2\/pages"}],"about":[{"href":"https:\/\/www.rolling.fi\/sv\/wp-json\/wp\/v2\/types\/page"}],"author":[{"embeddable":true,"href":"https:\/\/www.rolling.fi\/sv\/wp-json\/wp\/v2\/users\/21"}],"replies":[{"embeddable":true,"href":"https:\/\/www.rolling.fi\/sv\/wp-json\/wp\/v2\/comments?post=3286"}],"version-history":[{"count":5,"href":"https:\/\/www.rolling.fi\/sv\/wp-json\/wp\/v2\/pages\/3286\/revisions"}],"predecessor-version":[{"id":3291,"href":"https:\/\/www.rolling.fi\/sv\/wp-json\/wp\/v2\/pages\/3286\/revisions\/3291"}],"wp:attachment":[{"href":"https:\/\/www.rolling.fi\/sv\/wp-json\/wp\/v2\/media?parent=3286"}],"curies":[{"name":"wp","href":"https:\/\/api.w.org\/{rel}","templated":true}]}}