{"id":459,"date":"2020-07-28T14:11:47","date_gmt":"2020-07-28T11:11:47","guid":{"rendered":"http:\/\/www.rolling.fi\/?page_id=459"},"modified":"2024-11-19T07:38:05","modified_gmt":"2024-11-19T05:38:05","slug":"kilpatanssi-valmennukset","status":"publish","type":"page","link":"https:\/\/www.rolling.fi\/sv\/kilpatanssi-valmennukset\/","title":{"rendered":"T\u00c4VLINGSDANS, TR\u00c4NINGSPASS MED PROFFS"},"content":{"rendered":"\n<p>Kilpatanssivalmennukset ovat avoimia kaikille. Valmennusp\u00e4iv\u00e4t koostuvat p\u00e4\u00e4asiassa yksityisopetuksista, mutta valmennuksen yhteydess\u00e4 pyrit\u00e4\u00e4n j\u00e4rjest\u00e4m\u00e4\u00e4n avoin ryhm\u00e4tunti.<\/p>\n\n\n\n<p>Jos kiinnostuit, voit ilmoittautua myClubin kautta tai olla meihin yhteydess\u00e4 s\u00e4hk\u00f6postilla: wesku.karhunen@gmail.com.<\/p>\n\n\n\n<p>Valmennusten aloitus- ja  p\u00e4\u00e4ttymisajat ovat viitteellisi\u00e4 ja p\u00e4iv\u00e4kohtainen aikataulu laaditaan ilmoittautumisten perusteella.<\/p>\n\n\n\n<!-- myClub embed JS - start -->\n<div class=\"myclub-embed\" data-url=\"https:\/\/rolling.myclub.fi\/groups\/32737\/event_embeds\/9282?token=2f0ef5a015b464b69bd523c39ac97529143def3a\"><\/div>\n<script>(function(d, s, id) { var js, mjs = d.getElementsByTagName(s)[0]; if (d.getElementById(id)) return; js = d.createElement(s); js.id = id; js.async = true; js.src = \"https:\/\/d1kgctjlkvcjq1.cloudfront.net\/assets\/myclub-embed.js\"; mjs.parentNode.insertBefore(js, mjs); }(document, 'script', 'myclub-embed-js'));<\/script>\n<!-- myClub embed JS - end -->\n","protected":false},"excerpt":{"rendered":"<p>Kilpatanssivalmennukset ovat avoimia kaikille. Valmennusp\u00e4iv\u00e4t koostuvat p\u00e4\u00e4asiassa yksityisopetuksista, mutta valmennuksen yhteydess\u00e4 pyrit\u00e4\u00e4n j\u00e4rjest\u00e4m\u00e4\u00e4n avoin ryhm\u00e4tunti. Jos kiinnostuit, voit ilmoittautua myClubin kautta tai olla meihin yhteydess\u00e4 s\u00e4hk\u00f6postilla: wesku.karhunen@gmail.com. Valmennusten aloitus- ja p\u00e4\u00e4ttymisajat ovat viitteellisi\u00e4 ja p\u00e4iv\u00e4kohtainen aikataulu laaditaan ilmoittautumisten perusteella.<\/p>","protected":false},"author":4,"featured_media":0,"parent":0,"menu_order":0,"comment_status":"closed","ping_status":"closed","template":"","meta":{"footnotes":""},"class_list":["post-459","page","type-page","status-publish","hentry"],"_links":{"self":[{"href":"https:\/\/www.rolling.fi\/sv\/wp-json\/wp\/v2\/pages\/459","targetHints":{"allow":["GET"]}}],"collection":[{"href":"https:\/\/www.rolling.fi\/sv\/wp-json\/wp\/v2\/pages"}],"about":[{"href":"https:\/\/www.rolling.fi\/sv\/wp-json\/wp\/v2\/types\/page"}],"author":[{"embeddable":true,"href":"https:\/\/www.rolling.fi\/sv\/wp-json\/wp\/v2\/users\/4"}],"replies":[{"embeddable":true,"href":"https:\/\/www.rolling.fi\/sv\/wp-json\/wp\/v2\/comments?post=459"}],"version-history":[{"count":8,"href":"https:\/\/www.rolling.fi\/sv\/wp-json\/wp\/v2\/pages\/459\/revisions"}],"predecessor-version":[{"id":2946,"href":"https:\/\/www.rolling.fi\/sv\/wp-json\/wp\/v2\/pages\/459\/revisions\/2946"}],"wp:attachment":[{"href":"https:\/\/www.rolling.fi\/sv\/wp-json\/wp\/v2\/media?parent=459"}],"curies":[{"name":"wp","href":"https:\/\/api.w.org\/{rel}","templated":true}]}}