{"id":56,"date":"2020-06-22T17:52:06","date_gmt":"2020-06-22T14:52:06","guid":{"rendered":"http:\/\/www.rolling2.fi\/?page_id=56"},"modified":"2025-01-20T14:10:06","modified_gmt":"2025-01-20T12:10:06","slug":"rolling-myclub-palvelussa","status":"publish","type":"page","link":"https:\/\/www.rolling.fi\/sv\/rolling-myclub-palvelussa\/","title":{"rendered":"Rolling &amp; myClub"},"content":{"rendered":"<p>Rolling k\u00e4ytt\u00e4\u00e4 myClub ohjelmistoa varsinkin kursseille ja harjoituksiin ilmoittauduttaessa sek\u00e4 harjoitusryhmiin ja tapahtumiin liittyv\u00e4\u00e4n kommunikaatioon. Uskomme t\u00e4m\u00e4n mahdollistavan sujuvan kommunikaation j\u00e4senist\u00f6llemme ja antavan tarvittavat ty\u00f6kalut ohjaajillemme harjoitusten koordinointiin. myClub-ohjelmaa voi k\u00e4ytt\u00e4\u00e4 niin erityisell\u00e4 k\u00e4nnykk\u00e4sovelluksella kuin myClub-nettisivustojenkin kautta. <\/p>\n\n\n\n<p>Om du redan har ett myClub-konto, s\u00e5 kan du logga in direkt i myClub <a href=\"http:\/\/rolling.myclub.fi\">h\u00e4rifr\u00e5n (p\u00e5 finska)<\/a>. Om du inte \u00e4nnu har ett konto, s\u00e5 forts\u00e4tt att l\u00e4sa hur du g\u00f6r h\u00e4r nedan.<\/p>\n\n\n\n<h2 class=\"wp-block-heading\">Inloggningsinstruktioner f\u00f6r myClub<\/h2>\n\n\n\n<p>1. \u00c4r du ny myClub-anv\u00e4ndare?<\/p>\n\n\n\n<p>myClub ID:et \u00e4r ett personligt anv\u00e4ndarkonto (e-post + l\u00f6senord), som du loggar in med till tj\u00e4nsten. Med ett myClub ID kan du med samma inloggning administrera alla dina medlemskonton i olika  idrottsf\u00f6reningar som anv\u00e4nder myClub. Medlemskapet g\u00f6r det ocks\u00e5 m\u00f6jligt att t.ex. barnets mamma eller pappa kan administrera sitt barns medlemskonto med sina egna myClub-konton.<\/p>\n\n\n\n<p><strong>Hur skapar jag ett myClub ID?<\/strong><\/p>\n\n\n\n<p>Du skapar ett myClub ID, d\u00e5 du anm\u00e4ler dig till f\u00f6reningens evenemang eller n\u00e4r du registrerar dig i myClub medlemstj\u00e4nsten. Registreringen eller anm\u00e4lningen sker i tv\u00e5 skeden. 1) Skapa ett personligt myClub ID. 2) Mata in deltagarens uppgifter (dina egna eller ditt barns).<\/p>\n\n\n\n<p>Du kan ocks\u00e5 skapa ett myClub ID \u00e5t dig genom att g\u00e5 in p\u00e5 webben&nbsp;<a href=\"https:\/\/id.myclub.fi\/\">https:\/\/id.myclub.fi\/<\/a>&nbsp;Sidan \u00e4r p\u00e5 finska.&nbsp;<strong>V\u00e4lj \"Luo myClub ID\"<\/strong>. D\u00e5 du skapar ett myClub ID redan p\u00e5 f\u00f6rhand, g\u00e5r det snabbare att anm\u00e4la sig till ett evenemang. P\u00e5 det s\u00e4ttet slipper du att registrera dig i samband med anm\u00e4lan.<\/p>\n\n\n\n<p><strong><em>myClub ID:et skapar du bara en g\u00e5ng och samtidigt kan du anm\u00e4la dig till alla f\u00f6reningars evenemang, om de allts\u00e5 anv\u00e4nder tj\u00e4nsten myClub.<\/em><\/strong><\/p>\n\n\n\n<p>Kursledarna och tr\u00e4narna kan administrera sin(a) kurs(er), t.ex. skapa nya evenemang eller se deltagarna i sin kurs. Samtidigt kan de f\u00f6lja upp kursdeltagarnas deltagande i kursen och skicka meddelanden till dem.<\/p>\n\n\n\n<p>Alla myClub-anv\u00e4ndare kan administrera sina personuppgifter och deras synlighet f\u00f6r andra anv\u00e4ndare b\u00e5de inom f\u00f6reningen och utanf\u00f6r.<\/p>\n\n\n\n<p>Mera instruktioner och r\u00e5d finns p\u00e5 myClub-uppr\u00e4tth\u00e5llarens webbplats (p\u00e5 finska): <a href=\"https:\/\/help.myclub.fi\/\">https:\/\/help.myclub.fi\/<\/a> eller fr\u00e5ga kursledarna vid Rolling.<\/p>\n\n\n\n<p>myClub-st\u00f6dpersoner och f\u00f6reningens huvudanv\u00e4ndare som har r\u00e4tt att administrera tj\u00e4nsten \u00e4r:<\/p>\n\n\n\n<ul class=\"wp-block-list\">\n<li>Vesa Karhunen (puheenjohtaja)<\/li>\n\n\n\n<li>Ari Hinttu <\/li>\n\n\n\n<li>Hannu Haavisto (lavatanssijaosvastaava)<\/li>\n<\/ul>","protected":false},"excerpt":{"rendered":"<p>Rolling k\u00e4ytt\u00e4\u00e4 myClub ohjelmistoa varsinkin kursseille ja harjoituksiin ilmoittauduttaessa sek\u00e4 harjoitusryhmiin ja tapahtumiin liittyv\u00e4\u00e4n kommunikaatioon. Uskomme t\u00e4m\u00e4n mahdollistavan sujuvan kommunikaation j\u00e4senist\u00f6llemme ja antavan tarvittavat ty\u00f6kalut ohjaajillemme harjoitusten koordinointiin. myClub-ohjelmaa voi k\u00e4ytt\u00e4\u00e4 niin erityisell\u00e4 k\u00e4nnykk\u00e4sovelluksella kuin myClub-nettisivustojenkin kautta. Jos sinulla on jo tunnus MyClubiin, voit kirjautua Rollingin MyClub j\u00e4rjestelm\u00e4\u00e4n t\u00e4\u00e4lt\u00e4. Jos sinulla ei viel\u00e4 ole tunnuksia, &hellip; <\/p>\n<p class=\"link-more\"><a href=\"https:\/\/www.rolling.fi\/sv\/rolling-myclub-palvelussa\/\" class=\"more-link\">Forts\u00e4tt l\u00e4sa<span class=\"screen-reader-text\"> \u201dRolling &#038; myClub\u201d<\/span><\/a><\/p>","protected":false},"author":1,"featured_media":0,"parent":0,"menu_order":0,"comment_status":"closed","ping_status":"closed","template":"","meta":{"footnotes":""},"class_list":["post-56","page","type-page","status-publish","hentry"],"_links":{"self":[{"href":"https:\/\/www.rolling.fi\/sv\/wp-json\/wp\/v2\/pages\/56","targetHints":{"allow":["GET"]}}],"collection":[{"href":"https:\/\/www.rolling.fi\/sv\/wp-json\/wp\/v2\/pages"}],"about":[{"href":"https:\/\/www.rolling.fi\/sv\/wp-json\/wp\/v2\/types\/page"}],"author":[{"embeddable":true,"href":"https:\/\/www.rolling.fi\/sv\/wp-json\/wp\/v2\/users\/1"}],"replies":[{"embeddable":true,"href":"https:\/\/www.rolling.fi\/sv\/wp-json\/wp\/v2\/comments?post=56"}],"version-history":[{"count":15,"href":"https:\/\/www.rolling.fi\/sv\/wp-json\/wp\/v2\/pages\/56\/revisions"}],"predecessor-version":[{"id":3029,"href":"https:\/\/www.rolling.fi\/sv\/wp-json\/wp\/v2\/pages\/56\/revisions\/3029"}],"wp:attachment":[{"href":"https:\/\/www.rolling.fi\/sv\/wp-json\/wp\/v2\/media?parent=56"}],"curies":[{"name":"wp","href":"https:\/\/api.w.org\/{rel}","templated":true}]}}